{"id":8478,"date":"2026-04-15T20:55:41","date_gmt":"2026-04-15T20:55:41","guid":{"rendered":"https:\/\/komunalac-kalesija.ba\/update\/?page_id=8478"},"modified":"2026-04-15T21:04:50","modified_gmt":"2026-04-15T21:04:50","slug":"upiti-i-reklamacije","status":"publish","type":"page","link":"https:\/\/komunalac-kalesija.ba\/update\/upiti-i-reklamacije\/","title":{"rendered":"Upiti i reklamacije"},"content":{"rendered":"<section class=\"l-section wpb_row height_medium\"><div class=\"l-section-h i-cf\"><div class=\"g-cols vc_row via_grid cols_1 laptops-cols_inherit tablets-cols_inherit mobiles-cols_1 valign_top type_default stacking_default\"><div class=\"wpb_column vc_column_container\"><div class=\"vc_column-inner\"><h1 class=\"w-post-elm post_title align_center entry-title color_link_inherit\">Upiti i reklamacije<\/h1><h6 class=\"w-text us_custom_eb849559\"><span class=\"w-text-h\"><span class=\"w-text-value\">Za sva pitanja, prijave problema ili reklamacije u vezi sa komunalnim uslugama, obratite nam se putem online forme ili kontakt podataka navedenih u nastavku.<\/span><\/span><\/h6><\/div><\/div><\/div><\/div><\/section><section class=\"l-section wpb_row height_medium\"><div class=\"l-section-h i-cf\"><div class=\"g-cols vc_row via_grid cols_3-2 laptops-cols_inherit tablets-cols_inherit mobiles-cols_1 valign_top type_default stacking_default\"><div class=\"wpb_column vc_column_container\"><div class=\"vc_column-inner\"><h5 class=\"w-text\"><span class=\"w-text-h\"><span class=\"w-text-value\">Po\u0161aljite upit ili reklamaciju<\/span><\/span><\/h5><form class=\"w-form  us-field-style_1 layout_ver show_message_after_sending for_cform us_form_1\" action=\"https:\/\/komunalac-kalesija.ba\/update\/update\/wp-json\/wp\/v2\/pages\/8478\" method=\"post\" enctype=\"multipart\/form-data\"><div class=\"w-form-h\"><div class=\"w-form-row for_text required\">\r\n\t\t<div class=\"w-form-row-field\">\r\n\t\t\t\t\t\t<input aria-label=\"Ime i prezime\" type=\"text\" name=\"us_form_1_text_1\" value placeholder=\"Ime i prezime *\" data-required=\"true\" aria-required=\"true\"\/>\r\n\t\t\t<\/div>\r\n\t\t<div class=\"w-form-row-state\">Fill out this field<\/div>\r\n<\/div>\r\n<div class=\"w-form-row for_text\">\r\n\t\t<div class=\"w-form-row-field\">\r\n\t\t\t\t\t\t<input aria-label=\"Adresa\" type=\"text\" name=\"us_form_1_text_2\" value placeholder=\"Adresa\"\/>\r\n\t\t\t<\/div>\r\n\t\t<div class=\"w-form-row-state\">Fill out this field<\/div>\r\n<\/div>\r\n<div class=\"w-form-row for_text required\">\r\n\t\t<div class=\"w-form-row-field\">\r\n\t\t\t\t\t\t<input aria-label=\"Telefon\" inputmode=\"tel\" type=\"text\" name=\"us_form_1_text_3\" value placeholder=\"Telefon *\" data-required=\"true\" aria-required=\"true\"\/>\r\n\t\t\t<\/div>\r\n\t\t<div class=\"w-form-row-state\">Fill out this field<\/div>\r\n<\/div>\r\n<div class=\"w-form-row for_email\">\r\n\t\t<div class=\"w-form-row-field\">\r\n\t\t\t\t\t\t<input aria-label=\"Email\" type=\"email\" name=\"us_form_1_email_1\" value placeholder=\"Email\"\/>\r\n\t\t\t<\/div>\r\n\t\t<div class=\"w-form-row-state\">Molimo vas da unesete ispravnu email adresu.<\/div>\r\n<\/div>\r\n<div class=\"w-form-row for_textarea required\">\r\n\t\t<div class=\"w-form-row-field\">\r\n\t\t\t\t\t\t<textarea aria-label=\"Opis upita\/reklamacije\" name=\"us_form_1_textarea_1\" placeholder=\"Opis upita\/reklamacije *\" data-required=\"true\" aria-required=\"true\"><\/textarea>\r\n\t\t\t<\/div>\r\n\t\t<div class=\"w-form-row-state\">Fill out this field<\/div>\r\n<\/div>\r\n<div class=\"w-form-row for_file has_label\">\r\n\t\t\t<div class=\"w-form-row-label\">\r\n\t\t\t<span>Prilog<\/span>\r\n\t\t<\/div>\r\n\t\t<div class=\"w-form-row-field\">\r\n\t\t\t\t\t\t<input aria-label=\"Prilog\" type=\"file\" name=\"us_form_1_file_1\" data-std=\"10MB\" data-max_size=\"10\"\/>\r\n\t\t\t<\/div>\r\n\t\t<div class=\"w-form-row-state\">Fill out this field<\/div>\r\n<\/div>\r\n<input type=\"hidden\" name=\"action\" value=\"us_ajax_cform\" \/>\r\n<input type=\"hidden\" name=\"post_id\" value=\"0\" \/>\r\n<input type=\"hidden\" name=\"form_index\" value=\"1\" \/>\r\n<div class=\"w-form-row for_submit align_none\">\r\n\t<button class=\"w-btn  us-btn-style_1\" aria-label=\"Po\u0161alji\" type=\"submit\">\r\n\t\t<span class=\"g-preloader type_1\"><\/span>\r\n\t\t\t\t<span class=\"w-btn-label\">Po\u0161alji<\/span>\r\n\t\t\t<\/button>\r\n\t<\/div>\r\n<\/div><div class=\"w-form-message\"><\/div><div class=\"w-form-json hidden\" onclick='return {&quot;ajaxurl&quot;:&quot;https:\\\/\\\/komunalac-kalesija.ba\\\/update\\\/wp-admin\\\/admin-ajax.php&quot;,&quot;messages&quot;:{&quot;err_empty&quot;:&quot;Fill out this field&quot;,&quot;err_size&quot;:&quot;File size cannot exceed %s MB&quot;,&quot;err_extension&quot;:&quot;%s file type is not allowed&quot;,&quot;err_recaptcha_keys&quot;:&quot;reCAPTCHA keys are incorrect&quot;}}'><\/div><\/form><\/div><\/div><div class=\"wpb_column vc_column_container\"><div class=\"vc_column-inner\"><div class=\"wpb_text_column\"><div class=\"wpb_wrapper\"><h5 data-start=\"515\" data-end=\"544\"><strong data-start=\"515\" data-end=\"544\">Vrste upita i reklamacija<\/strong><\/h5>\n<p data-start=\"546\" data-end=\"593\">Mo\u017eete nam se obratiti u sljede\u0107im slu\u010dajevima:<\/p>\n<ul data-start=\"595\" data-end=\"764\">\n<li data-section-id=\"xr1eb9\" data-start=\"595\" data-end=\"625\">Neodvezeni komunalni otpad<\/li>\n<li data-section-id=\"1x4xvey\" data-start=\"626\" data-end=\"662\">Problemi sa centralnim grijanjem<\/li>\n<li data-section-id=\"dtjl\" data-start=\"663\" data-end=\"692\">Neispravnosti ili kvarovi<\/li>\n<li data-section-id=\"d2n4wf\" data-start=\"693\" data-end=\"731\">Upiti u vezi cjenovnika ili usluga<\/li>\n<li data-section-id=\"h1qfzi\" data-start=\"732\" data-end=\"764\">Ostale primjedbe i sugestije<\/li>\n<\/ul>\n<h5 data-start=\"1256\" data-end=\"1286\"><strong data-start=\"1256\" data-end=\"1286\">Kontaktirajte nas direktno<\/strong><\/h5>\n<p data-start=\"1288\" data-end=\"1307\">Telefon: <a class=\"w-text-h\" href=\"tel:+387 35 631 214\"><span class=\"w-text-value\">+387 35 631 214<\/span><\/a><br data-start=\"1296\" data-end=\"1299\" \/>Email: <a href=\"mailto:info@komunalac-kalesija.ba\">info@komunalac-kalesija.ba<\/a><\/p>\n<p data-start=\"1309\" data-end=\"1325\">Radno vrijeme: <span>Radimo svakim radnim danom:<\/span><br \/><span>Ponedjeljak \u2013 petak od 7 do 15 sati.<\/span><\/p>\n<\/div><\/div><\/div><\/div><\/div><\/div><\/section>\n","protected":false},"excerpt":{"rendered":"Upiti i reklamacijeZa sva pitanja, prijave problema ili reklamacije u vezi sa komunalnim uslugama, obratite nam se putem online forme ili kontakt podataka navedenih u nastavku.Po\u0161aljite upit ili reklamaciju Fill out this field Fill out this field Fill out this field Molimo vas da unesete ispravnu email adresu. Fill out this field Prilog Fill out...","protected":false},"author":1,"featured_media":0,"parent":0,"menu_order":0,"comment_status":"closed","ping_status":"closed","template":"","meta":{"_acf_changed":false,"footnotes":""},"class_list":["post-8478","page","type-page","status-publish","hentry"],"acf":[],"_links":{"self":[{"href":"https:\/\/komunalac-kalesija.ba\/update\/wp-json\/wp\/v2\/pages\/8478","targetHints":{"allow":["GET"]}}],"collection":[{"href":"https:\/\/komunalac-kalesija.ba\/update\/wp-json\/wp\/v2\/pages"}],"about":[{"href":"https:\/\/komunalac-kalesija.ba\/update\/wp-json\/wp\/v2\/types\/page"}],"author":[{"embeddable":true,"href":"https:\/\/komunalac-kalesija.ba\/update\/wp-json\/wp\/v2\/users\/1"}],"replies":[{"embeddable":true,"href":"https:\/\/komunalac-kalesija.ba\/update\/wp-json\/wp\/v2\/comments?post=8478"}],"version-history":[{"count":5,"href":"https:\/\/komunalac-kalesija.ba\/update\/wp-json\/wp\/v2\/pages\/8478\/revisions"}],"predecessor-version":[{"id":8483,"href":"https:\/\/komunalac-kalesija.ba\/update\/wp-json\/wp\/v2\/pages\/8478\/revisions\/8483"}],"wp:attachment":[{"href":"https:\/\/komunalac-kalesija.ba\/update\/wp-json\/wp\/v2\/media?parent=8478"}],"curies":[{"name":"wp","href":"https:\/\/api.w.org\/{rel}","templated":true}]}}