{"id":7677,"date":"2020-05-13T18:04:18","date_gmt":"2020-05-13T18:04:18","guid":{"rendered":"https:\/\/komunalac-kalesija.ba\/update\/?page_id=7677"},"modified":"2026-04-15T20:29:22","modified_gmt":"2026-04-15T20:29:22","slug":"postanite-korisnik","status":"publish","type":"page","link":"https:\/\/komunalac-kalesija.ba\/update\/postanite-korisnik\/","title":{"rendered":"Postanite korisnik"},"content":{"rendered":"<section class=\"l-section wpb_row height_medium\"><div class=\"l-section-h i-cf\"><div class=\"g-cols vc_row via_grid cols_1 laptops-cols_inherit tablets-cols_inherit mobiles-cols_1 valign_top type_default stacking_default\"><div class=\"wpb_column vc_column_container\"><div class=\"vc_column-inner\"><h1 class=\"w-post-elm post_title align_center entry-title color_link_inherit\">Postanite korisnik<\/h1><h6 class=\"w-text us_custom_eb849559\"><span class=\"w-text-h\"><span class=\"w-text-value\">Podnesite zahtjev za kori\u0161tenje komunalnih usluga JKP \u201eKomunalac\u201c Kalesija brzo i jednostavno putem online forme ili preuzimanjem obrazaca.<\/span><\/span><\/h6><\/div><\/div><\/div><\/div><\/section><section class=\"l-section wpb_row height_medium\" id=\"section-14\"><div class=\"l-section-h i-cf\"><div class=\"g-cols vc_row via_grid cols_1 laptops-cols_inherit tablets-cols_inherit mobiles-cols_1 valign_top type_default stacking_default\"><div class=\"wpb_column vc_column_container\"><div class=\"vc_column-inner\"><div class=\"w-text us_custom_0af2babf has_text_color\"><span class=\"w-text-h\"><span class=\"w-text-value\">Podno\u0161enje zahtjeva traje manje od 2 minute.<\/span><\/span><\/div><h2 class=\"w-text us_custom_eb849559\"><span class=\"w-text-h\"><span class=\"w-text-value\">Postanite korisnik<\/span><\/span><\/h2><div class=\"w-separator size_small\"><\/div><div class=\"w-tabs layout_hor style_radio2 switch_click has_scrolling remove_indents\" style=\"--sections-title-size:1em\"><div class=\"w-tabs-list items_5 align_center\"><div class=\"w-tabs-list-h\"><button class=\"w-tabs-item active\" aria-controls=\"content-ob14\" aria-expanded=\"false\"><span class=\"w-tabs-item-title\">Kako postati korisnik<\/span><\/button><button class=\"w-tabs-item\" aria-controls=\"content-h061\" aria-expanded=\"false\"><span class=\"w-tabs-item-title\">Vrste zahtjeva<\/span><\/button><button class=\"w-tabs-item\" aria-controls=\"content-j544\" aria-expanded=\"false\"><span class=\"w-tabs-item-title\">Potrebna dokumentacija<\/span><\/button><button class=\"w-tabs-item\" aria-controls=\"content-x94f\" aria-expanded=\"false\"><span class=\"w-tabs-item-title\">Rok obrade<\/span><\/button><button class=\"w-tabs-item\" aria-controls=\"content-pcf2\" aria-expanded=\"false\"><span class=\"w-tabs-item-title\">Kontakt podr\u0161ka<\/span><\/button><\/div><\/div><div class=\"w-tabs-sections titles-align_center icon_chevron cpos_right\"><div class=\"w-tabs-section active\" id=\"ob14\" style=\"background:var(--color-content-bg);\"><button class=\"w-tabs-section-header active\" aria-controls=\"content-ob14\" aria-expanded=\"true\"><div class=\"w-tabs-section-title\">Kako postati korisnik<\/div><div class=\"w-tabs-section-control\"><\/div><\/button><div  class=\"w-tabs-section-content\" id=\"content-ob14\"><div class=\"w-tabs-section-content-h i-cf\"><div class=\"g-cols wpb_row us_custom_a7478e89 via_grid cols_1 laptops-cols_inherit tablets-cols_inherit mobiles-cols_1 valign_top type_default stacking_default\" style=\"--columns-gap:3rem;\"><div class=\"wpb_column vc_column_container\"><div class=\"vc_column-inner\"><div class=\"wpb_text_column us_custom_6e74c4b0\"><div class=\"wpb_wrapper\"><h3 data-start=\"519\" data-end=\"539\"><strong data-start=\"519\" data-end=\"539\">Postupak prijave<\/strong><\/h3>\n<p data-start=\"541\" data-end=\"603\">Korisnici mogu podnijeti zahtjev na jedan od sljede\u0107ih na\u010dina:<\/p>\n<ul data-start=\"605\" data-end=\"720\">\n<li data-section-id=\"1d6rvdz\" data-start=\"605\" data-end=\"644\">Online putem forme na ovoj stranici.<\/li>\n<li data-section-id=\"1qfj8cr\" data-start=\"645\" data-end=\"685\">Preuzimanjem i popunjavanjem obrasca (PREUZMITE OBRAZAC U PDF formatu)<\/li>\n<li data-section-id=\"vsgn7m\" data-start=\"686\" data-end=\"720\">Li\u010dno u prostorijama preduze\u0107a<\/li>\n<\/ul>\n<\/div><\/div><div class=\"w-separator size_medium\"><\/div><div class=\"w-popup w-btn-wrapper align_none\"><button type=\"button\" aria-label=\"ONLINE - FIZI\u010cKA LICA\" class=\"w-popup-trigger type_btn w-btn us-btn-style_1\"><span class=\"w-btn-label\">ONLINE - FIZI\u010cKA LICA<\/span><\/button><div class=\"w-popup-overlay\" style=\"background:rgba(0,0,0,0.85);\"><\/div><div class=\"w-popup-wrap layout_default\" style=\"--title-color:var(--color-content-heading);--title-bg-color:var(--color-content-bg-alt);--content-color:var(--color-content-text);--content-bg-color:var(--color-content-bg);--popup-width:600px;--popup-padding:5%;\"><div class=\"w-popup-box animation_fadeIn closerpos_outside without_title\"><div class=\"w-popup-box-h\"><div class=\"w-popup-box-content\"><section class=\"l-section wpb_row height_medium\"><div class=\"l-section-h i-cf\"><div class=\"g-cols vc_row via_grid cols_1 laptops-cols_inherit tablets-cols_inherit mobiles-cols_1 valign_top type_default stacking_default\"><div class=\"wpb_column vc_column_container\"><div class=\"vc_column-inner\"><form class=\"w-form  us-field-style_1 layout_ver show_message_after_sending for_cform us_form_1\" action=\"https:\/\/komunalac-kalesija.ba\/update\/update\/wp-json\/wp\/v2\/pages\/7677\" method=\"post\"><div class=\"w-form-h\"><div class=\"w-form-row for_text required\">\r\n\t\t<div class=\"w-form-row-field\">\r\n\t\t\t\t\t\t<input aria-label=\"Ime i prezime\" type=\"text\" name=\"us_form_1_text_1\" value placeholder=\"Ime i prezime *\" data-required=\"true\" aria-required=\"true\"\/>\r\n\t\t\t<\/div>\r\n\t\t<div class=\"w-form-row-state\">Fill out this field<\/div>\r\n<\/div>\r\n<div class=\"w-form-row for_text required\">\r\n\t\t<div class=\"w-form-row-field\">\r\n\t\t\t\t\t\t<input aria-label=\"Ime jednog roditelja\" type=\"text\" name=\"us_form_1_text_2\" value placeholder=\"Ime jednog roditelja *\" data-required=\"true\" aria-required=\"true\"\/>\r\n\t\t\t<\/div>\r\n\t\t<div class=\"w-form-row-state\">Fill out this field<\/div>\r\n<\/div>\r\n<div class=\"w-form-row for_text required\">\r\n\t\t<div class=\"w-form-row-field\">\r\n\t\t\t\t\t\t<input aria-label=\"Adresa i mjesto stanovanja\" type=\"text\" name=\"us_form_1_text_3\" value placeholder=\"Adresa i mjesto stanovanja *\" data-required=\"true\" aria-required=\"true\"\/>\r\n\t\t\t<\/div>\r\n\t\t<div class=\"w-form-row-state\">Fill out this field<\/div>\r\n<\/div>\r\n<div class=\"w-form-row for_text required\">\r\n\t\t<div class=\"w-form-row-field\">\r\n\t\t\t\t\t\t<input aria-label=\"Mati\u010dni broj\" type=\"text\" name=\"us_form_1_text_4\" value placeholder=\"Mati\u010dni broj *\" data-required=\"true\" aria-required=\"true\"\/>\r\n\t\t\t<\/div>\r\n\t\t<div class=\"w-form-row-state\">Fill out this field<\/div>\r\n<\/div>\r\n<div class=\"w-form-row for_text required\">\r\n\t\t<div class=\"w-form-row-field\">\r\n\t\t\t\t\t\t<input aria-label=\"Broj li\u010dne i karte i mjesto izdavanja\" type=\"text\" name=\"us_form_1_text_5\" value placeholder=\"Broj li\u010dne i karte i mjesto izdavanja *\" data-required=\"true\" aria-required=\"true\"\/>\r\n\t\t\t<\/div>\r\n\t\t<div class=\"w-form-row-state\">Fill out this field<\/div>\r\n<\/div>\r\n<div class=\"w-form-row for_text required\">\r\n\t\t<div class=\"w-form-row-field\">\r\n\t\t\t\t\t\t<input aria-label=\"Broj telefona\" type=\"text\" name=\"us_form_1_text_6\" value placeholder=\"Broj telefona *\" data-required=\"true\" aria-required=\"true\"\/>\r\n\t\t\t<\/div>\r\n\t\t<div class=\"w-form-row-state\">Fill out this field<\/div>\r\n<\/div>\r\n<div class=\"w-form-row for_agreement required\">\r\n\t\t<div class=\"w-form-row-field\">\r\n\t\t\t\t<label>\r\n\t\t\t<input type=\"checkbox\" value=\"1\" data-required=\"true\" aria-required=\"true\" name=\"us_form_1_agreement_1\"\/>\r\n\t\t\t<span>Izjavljujem da su naprijed navedeni podaci ta\u010dni.<\/span>\r\n\t\t<\/label>\r\n\t\t\t<\/div>\r\n\t\t<div class=\"w-form-row-state\">You need to agree with the terms to proceed<\/div>\r\n<\/div>\r\n<div class=\"w-form-row for_captcha required\">\r\n\t<div class=\"w-form-row-label\">\r\n\t\t<span> <span>20 - 7 = ?<\/span><\/span>\r\n\t<\/div>\r\n\t<div class=\"w-form-row-field\">\r\n\t\t\t\t<input type=\"hidden\" name=\"us_form_1_captcha_1_hash\" value=\"cf8c77e67344297c9a2c262dedc57e07\" \/>\r\n\t\t\t\t<input aria-label=\"us_form_1_captcha_1\" type=\"text\" name=\"us_form_1_captcha_1\" placeholder data-required=\"true\" aria-required=\"true\"\/>\r\n\t\t\t<\/div>\r\n\t\t<div class=\"w-form-row-state\">Enter the equation result to proceed<\/div>\r\n<\/div>\r\n<input type=\"hidden\" name=\"action\" value=\"us_ajax_cform\" \/>\r\n<input type=\"hidden\" name=\"post_id\" value=\"8456\" \/>\r\n<input type=\"hidden\" name=\"form_index\" value=\"1\" \/>\r\n<div class=\"w-form-row for_submit align_none\">\r\n\t<button class=\"w-btn  us-btn-style_2\" aria-label=\"Po\u0161alji\" type=\"submit\">\r\n\t\t<span class=\"g-preloader type_1\"><\/span>\r\n\t\t\t\t<span class=\"w-btn-label\">Po\u0161alji<\/span>\r\n\t\t\t<\/button>\r\n\t<\/div>\r\n<\/div><div class=\"w-form-message\"><\/div><div class=\"w-form-json hidden\" onclick='return {&quot;ajaxurl&quot;:&quot;https:\\\/\\\/komunalac-kalesija.ba\\\/update\\\/wp-admin\\\/admin-ajax.php&quot;,&quot;messages&quot;:{&quot;err_empty&quot;:&quot;Fill out this field&quot;,&quot;err_size&quot;:&quot;File size cannot exceed %s MB&quot;,&quot;err_extension&quot;:&quot;%s file type is not allowed&quot;,&quot;err_recaptcha_keys&quot;:&quot;reCAPTCHA keys are incorrect&quot;}}'><\/div><\/form><\/div><\/div><\/div><\/div><\/section>\n<\/div><\/div><\/div><div class=\"w-popup-closer\"><\/div><\/div><\/div><div class=\"w-popup w-btn-wrapper align_none\"><button type=\"button\" aria-label=\"ONLINE - PRAVNA LICA\" class=\"w-popup-trigger type_btn w-btn us-btn-style_1\"><span class=\"w-btn-label\">ONLINE - PRAVNA LICA<\/span><\/button><div class=\"w-popup-overlay\" style=\"background:rgba(0,0,0,0.85);\"><\/div><div class=\"w-popup-wrap layout_default\" style=\"--title-color:var(--color-content-heading);--title-bg-color:var(--color-content-bg-alt);--content-color:var(--color-content-text);--content-bg-color:var(--color-content-bg);--popup-width:600px;--popup-padding:5%;\"><div class=\"w-popup-box animation_fadeIn closerpos_outside without_title\"><div class=\"w-popup-box-h\"><div class=\"w-popup-box-content\"><section class=\"l-section wpb_row height_medium\"><div class=\"l-section-h i-cf\"><div class=\"g-cols vc_row via_grid cols_1 laptops-cols_inherit tablets-cols_inherit mobiles-cols_1 valign_top type_default stacking_default\"><div class=\"wpb_column vc_column_container\"><div class=\"vc_column-inner\"><form class=\"w-form  us-field-style_1 layout_ver show_message_after_sending for_cform us_form_1\" action=\"https:\/\/komunalac-kalesija.ba\/update\/update\/wp-json\/wp\/v2\/pages\/7677\" method=\"post\"><div class=\"w-form-h\"><div class=\"w-form-row for_text required\">\r\n\t\t<div class=\"w-form-row-field\">\r\n\t\t\t\t\t\t<input aria-label=\"Naziv pravnog lica\" type=\"text\" name=\"us_form_1_text_1\" value placeholder=\"Naziv pravnog lica *\" data-required=\"true\" aria-required=\"true\"\/>\r\n\t\t\t<\/div>\r\n\t\t<div class=\"w-form-row-state\">Fill out this field<\/div>\r\n<\/div>\r\n<div class=\"w-form-row for_text required\">\r\n\t\t<div class=\"w-form-row-field\">\r\n\t\t\t\t\t\t<input aria-label=\"ID broj\" type=\"text\" name=\"us_form_1_text_2\" value placeholder=\"ID broj *\" data-required=\"true\" aria-required=\"true\"\/>\r\n\t\t\t<\/div>\r\n\t\t<div class=\"w-form-row-state\">Fill out this field<\/div>\r\n<\/div>\r\n<div class=\"w-form-row for_text\">\r\n\t\t<div class=\"w-form-row-field\">\r\n\t\t\t\t\t\t<input aria-label=\"PDV broj (ukoliko ste PDV obveznik)\" type=\"text\" name=\"us_form_1_text_3\" value placeholder=\"PDV broj (ukoliko ste PDV obveznik)\"\/>\r\n\t\t\t<\/div>\r\n\t\t<div class=\"w-form-row-state\">Fill out this field<\/div>\r\n<\/div>\r\n<div class=\"w-form-row for_text required\">\r\n\t\t<div class=\"w-form-row-field\">\r\n\t\t\t\t\t\t<input aria-label=\"Broj \u017eiro ra\u010duna\" type=\"text\" name=\"us_form_1_text_4\" value placeholder=\"Broj \u017eiro ra\u010duna *\" data-required=\"true\" aria-required=\"true\"\/>\r\n\t\t\t<\/div>\r\n\t\t<div class=\"w-form-row-state\">Fill out this field<\/div>\r\n<\/div>\r\n<div class=\"w-form-row for_text required\">\r\n\t\t<div class=\"w-form-row-field\">\r\n\t\t\t\t\t\t<input aria-label=\"Broj telefona\" type=\"text\" name=\"us_form_1_text_5\" value placeholder=\"Broj telefona *\" data-required=\"true\" aria-required=\"true\"\/>\r\n\t\t\t<\/div>\r\n\t\t<div class=\"w-form-row-state\">Fill out this field<\/div>\r\n<\/div>\r\n<div class=\"w-form-row for_email\">\r\n\t\t<div class=\"w-form-row-field\">\r\n\t\t\t\t\t\t<input aria-label=\"Email\" type=\"email\" name=\"us_form_1_email_1\" value placeholder=\"Email\"\/>\r\n\t\t\t<\/div>\r\n\t\t<div class=\"w-form-row-state\">Molimo vas da unesete ispravnu email adresu.<\/div>\r\n<\/div>\r\n<div class=\"w-form-row for_agreement required\">\r\n\t\t<div class=\"w-form-row-field\">\r\n\t\t\t\t<label>\r\n\t\t\t<input type=\"checkbox\" value=\"1\" data-required=\"true\" aria-required=\"true\" name=\"us_form_1_agreement_1\"\/>\r\n\t\t\t<span>Izjavljujem da su naprijed navedeni podaci ta\u010dni.<\/span>\r\n\t\t<\/label>\r\n\t\t\t<\/div>\r\n\t\t<div class=\"w-form-row-state\">You need to agree with the terms to proceed<\/div>\r\n<\/div>\r\n<div class=\"w-form-row for_captcha required\">\r\n\t<div class=\"w-form-row-label\">\r\n\t\t<span> <span>18 + 1 = ?<\/span><\/span>\r\n\t<\/div>\r\n\t<div class=\"w-form-row-field\">\r\n\t\t\t\t<input type=\"hidden\" name=\"us_form_1_captcha_1_hash\" value=\"293e238373dacd208707b565c00f3173\" \/>\r\n\t\t\t\t<input aria-label=\"us_form_1_captcha_1\" type=\"text\" name=\"us_form_1_captcha_1\" placeholder data-required=\"true\" aria-required=\"true\"\/>\r\n\t\t\t<\/div>\r\n\t\t<div class=\"w-form-row-state\">Enter the equation result to proceed<\/div>\r\n<\/div>\r\n<input type=\"hidden\" name=\"action\" value=\"us_ajax_cform\" \/>\r\n<input type=\"hidden\" name=\"post_id\" value=\"8461\" \/>\r\n<input type=\"hidden\" name=\"form_index\" value=\"1\" \/>\r\n<div class=\"w-form-row for_submit align_none\">\r\n\t<button class=\"w-btn  us-btn-style_2\" aria-label=\"Po\u0161alji\" type=\"submit\">\r\n\t\t<span class=\"g-preloader type_1\"><\/span>\r\n\t\t\t\t<span class=\"w-btn-label\">Po\u0161alji<\/span>\r\n\t\t\t<\/button>\r\n\t<\/div>\r\n<\/div><div class=\"w-form-message\"><\/div><div class=\"w-form-json hidden\" onclick='return {&quot;ajaxurl&quot;:&quot;https:\\\/\\\/komunalac-kalesija.ba\\\/update\\\/wp-admin\\\/admin-ajax.php&quot;,&quot;messages&quot;:{&quot;err_empty&quot;:&quot;Fill out this field&quot;,&quot;err_size&quot;:&quot;File size cannot exceed %s MB&quot;,&quot;err_extension&quot;:&quot;%s file type is not allowed&quot;,&quot;err_recaptcha_keys&quot;:&quot;reCAPTCHA keys are incorrect&quot;}}'><\/div><\/form><\/div><\/div><\/div><\/div><\/section>\n<\/div><\/div><\/div><div class=\"w-popup-closer\"><\/div><\/div><\/div><\/div><\/div><\/div><\/div><\/div><\/div><div class=\"w-tabs-section\" id=\"h061\"><button class=\"w-tabs-section-header\" aria-controls=\"content-h061\" aria-expanded=\"false\"><div class=\"w-tabs-section-title\">Vrste zahtjeva<\/div><div class=\"w-tabs-section-control\"><\/div><\/button><div  class=\"w-tabs-section-content\" id=\"content-h061\"><div class=\"w-tabs-section-content-h i-cf\"><div class=\"g-cols wpb_row us_custom_a7478e89 via_grid cols_1 laptops-cols_inherit tablets-cols_inherit mobiles-cols_1 valign_top type_default stacking_default\" style=\"--columns-gap:3rem;\"><div class=\"wpb_column vc_column_container\"><div class=\"vc_column-inner\"><div class=\"wpb_text_column us_custom_6e74c4b0\"><div class=\"wpb_wrapper\"><h3 data-start=\"796\" data-end=\"824\"><strong data-start=\"796\" data-end=\"824\">Odaberite vrstu zahtjeva<\/strong><\/h3>\n<h6 data-section-id=\"k917nc\" data-start=\"826\" data-end=\"845\">Novi korisnik<\/h6>\n<p data-start=\"846\" data-end=\"902\">Podno\u0161enje zahtjeva za priklju\u010denje na komunalne usluge.<\/p>\n<h6 data-section-id=\"e4d1ab\" data-start=\"904\" data-end=\"927\">Promjena podataka<\/h6>\n<p data-start=\"928\" data-end=\"979\">A\u017euriranje li\u010dnih ili poslovnih podataka korisnika.<\/p>\n<h6 data-section-id=\"9f0xcc\" data-start=\"981\" data-end=\"1000\">Odjava usluge<\/h6>\n<p data-start=\"1001\" data-end=\"1051\">Zahtjev za prestanak kori\u0161tenja komunalnih usluga.<\/p>\n<\/div><\/div><\/div><\/div><\/div><\/div><\/div><\/div><div class=\"w-tabs-section\" id=\"j544\"><button class=\"w-tabs-section-header\" aria-controls=\"content-j544\" aria-expanded=\"false\"><div class=\"w-tabs-section-title\">Potrebna dokumentacija<\/div><div class=\"w-tabs-section-control\"><\/div><\/button><div  class=\"w-tabs-section-content\" id=\"content-j544\"><div class=\"w-tabs-section-content-h i-cf\"><div class=\"g-cols wpb_row us_custom_a7478e89 via_grid cols_1 laptops-cols_inherit tablets-cols_inherit mobiles-cols_1 valign_top type_default stacking_default\" style=\"--columns-gap:3rem;\"><div class=\"wpb_column vc_column_container\"><div class=\"vc_column-inner\"><div class=\"wpb_text_column us_custom_6e74c4b0\"><div class=\"wpb_wrapper\"><h3 data-start=\"1101\" data-end=\"1127\"><strong data-start=\"1101\" data-end=\"1127\">Potrebna dokumentacija<\/strong><\/h3>\n<p data-start=\"1129\" data-end=\"1174\">Za podno\u0161enje zahtjeva potrebno je prilo\u017eiti:<\/p>\n<ul data-start=\"1176\" data-end=\"1285\">\n<li data-section-id=\"l92076\" data-start=\"1176\" data-end=\"1203\">Kopiju li\u010dnog dokumenta<\/li>\n<li data-section-id=\"1eqzqkr\" data-start=\"1204\" data-end=\"1249\">Dokaz o vlasni\u0161tvu ili kori\u0161tenju objekta<\/li>\n<li data-section-id=\"igqbb6\" data-start=\"1250\" data-end=\"1285\">Ostalu dokumentaciju (po potrebi)<\/li>\n<\/ul>\n<\/div><\/div><\/div><\/div><\/div><\/div><\/div><\/div><div class=\"w-tabs-section\" id=\"x94f\"><button class=\"w-tabs-section-header\" aria-controls=\"content-x94f\" aria-expanded=\"false\"><div class=\"w-tabs-section-title\">Rok obrade<\/div><div class=\"w-tabs-section-control\"><\/div><\/button><div  class=\"w-tabs-section-content\" id=\"content-x94f\"><div class=\"w-tabs-section-content-h i-cf\"><div class=\"g-cols wpb_row us_custom_a7478e89 via_grid cols_1 laptops-cols_inherit tablets-cols_inherit mobiles-cols_1 valign_top type_default stacking_default\" style=\"--columns-gap:3rem;\"><div class=\"wpb_column vc_column_container\"><div class=\"vc_column-inner\"><div class=\"wpb_text_column us_custom_6e74c4b0\"><div class=\"wpb_wrapper\"><h3 data-start=\"1622\" data-end=\"1641\"><strong data-start=\"1622\" data-end=\"1641\">Obrada zahtjeva<\/strong><\/h3>\n<p data-start=\"1643\" data-end=\"1766\">Va\u0161 zahtjev bit \u0107e razmotren i obra\u0111en u najkra\u0107em mogu\u0107em roku. Po potrebi, bi\u0107ete kontaktirani radi dodatnih informacija.<\/p>\n<\/div><\/div><\/div><\/div><\/div><\/div><\/div><\/div><div class=\"w-tabs-section\" id=\"pcf2\"><button class=\"w-tabs-section-header\" aria-controls=\"content-pcf2\" aria-expanded=\"false\"><div class=\"w-tabs-section-title\">Kontakt podr\u0161ka<\/div><div class=\"w-tabs-section-control\"><\/div><\/button><div  class=\"w-tabs-section-content\" id=\"content-pcf2\"><div class=\"w-tabs-section-content-h i-cf\"><div class=\"g-cols wpb_row us_custom_a7478e89 via_grid cols_1 laptops-cols_inherit tablets-cols_inherit mobiles-cols_1 valign_top type_default stacking_default\" style=\"--columns-gap:3rem;\"><div class=\"wpb_column vc_column_container\"><div class=\"vc_column-inner\"><div class=\"wpb_text_column us_custom_6e74c4b0\"><div class=\"wpb_wrapper\"><h3 data-start=\"1969\" data-end=\"1987\"><strong data-start=\"1969\" data-end=\"1987\">Trebate pomo\u0107?<\/strong><\/h3>\n<p data-start=\"1989\" data-end=\"2060\">Za dodatne informacije u vezi sa podno\u0161enjem zahtjeva, obratite nam se:<\/p>\n<p data-start=\"2062\" data-end=\"2081\">Telefon: <a class=\"w-text-h\" href=\"tel:+387 35 631 214\"><span class=\"w-text-value\">+387 35 631 214<\/span><\/a><br data-start=\"2070\" data-end=\"2073\" \/>Email: <a href=\"mailto:info@komunalac-kalesija.ba\">info@komunalac-kalesija.ba<\/a><\/p>\n<\/div><\/div><\/div><\/div><\/div><\/div><\/div><\/div><\/div><\/div><\/div><\/div><\/div><\/div><\/section>\n","protected":false},"excerpt":{"rendered":"Postanite korisnikPodnesite zahtjev za kori\u0161tenje komunalnih usluga JKP \u201eKomunalac\u201c Kalesija brzo i jednostavno putem online forme ili preuzimanjem obrazaca.Podno\u0161enje zahtjeva traje manje od 2 minute.Postanite korisnikKako postati korisnikVrste zahtjevaPotrebna dokumentacijaRok obradeKontakt podr\u0161kaKako postati korisnikPostupak prijave Korisnici mogu podnijeti zahtjev na jedan od sljede\u0107ih na\u010dina: Online putem forme na ovoj stranici. Preuzimanjem i popunjavanjem obrasca (PREUZMITE...","protected":false},"author":1,"featured_media":0,"parent":0,"menu_order":0,"comment_status":"closed","ping_status":"closed","template":"","meta":{"_acf_changed":false,"footnotes":""},"class_list":["post-7677","page","type-page","status-publish","hentry"],"acf":[],"_links":{"self":[{"href":"https:\/\/komunalac-kalesija.ba\/update\/wp-json\/wp\/v2\/pages\/7677","targetHints":{"allow":["GET"]}}],"collection":[{"href":"https:\/\/komunalac-kalesija.ba\/update\/wp-json\/wp\/v2\/pages"}],"about":[{"href":"https:\/\/komunalac-kalesija.ba\/update\/wp-json\/wp\/v2\/types\/page"}],"author":[{"embeddable":true,"href":"https:\/\/komunalac-kalesija.ba\/update\/wp-json\/wp\/v2\/users\/1"}],"replies":[{"embeddable":true,"href":"https:\/\/komunalac-kalesija.ba\/update\/wp-json\/wp\/v2\/comments?post=7677"}],"version-history":[{"count":30,"href":"https:\/\/komunalac-kalesija.ba\/update\/wp-json\/wp\/v2\/pages\/7677\/revisions"}],"predecessor-version":[{"id":8468,"href":"https:\/\/komunalac-kalesija.ba\/update\/wp-json\/wp\/v2\/pages\/7677\/revisions\/8468"}],"wp:attachment":[{"href":"https:\/\/komunalac-kalesija.ba\/update\/wp-json\/wp\/v2\/media?parent=7677"}],"curies":[{"name":"wp","href":"https:\/\/api.w.org\/{rel}","templated":true}]}}