{"id":7663,"date":"2020-05-13T17:23:13","date_gmt":"2020-05-13T17:23:13","guid":{"rendered":"https:\/\/komunalac-kalesija.ba\/update\/?page_id=7663"},"modified":"2026-04-15T20:46:35","modified_gmt":"2026-04-15T20:46:35","slug":"propisi","status":"publish","type":"page","link":"https:\/\/komunalac-kalesija.ba\/update\/propisi\/","title":{"rendered":"Propisi"},"content":{"rendered":"<section class=\"l-section wpb_row height_medium\"><div class=\"l-section-h i-cf\"><div class=\"g-cols vc_row via_grid cols_1 laptops-cols_inherit tablets-cols_inherit mobiles-cols_1 valign_top type_default stacking_default\"><div class=\"wpb_column vc_column_container\"><div class=\"vc_column-inner\"><h1 class=\"w-post-elm post_title align_center entry-title color_link_inherit\">Propisi<\/h1><h6 class=\"w-text us_custom_eb849559\"><span class=\"w-text-h\"><span class=\"w-text-value\">Na ovoj stranici dostupni su va\u017ee\u0107i propisi, odluke, pravilnici i drugi dokumenti koji ure\u0111uju rad i djelatnosti JKP \u201eKomunalac\u201c Kalesija.<\/span><\/span><\/h6><\/div><\/div><\/div><\/div><\/section><section class=\"l-section wpb_row height_large\" id=\"section-07\"><div class=\"l-section-h i-cf\"><div class=\"g-cols vc_row via_grid cols_1 laptops-cols_inherit tablets-cols_inherit mobiles-cols_1 valign_top type_default stacking_default\"><div class=\"wpb_column vc_column_container\"><div class=\"vc_column-inner\"><div class=\"g-cols wpb_row via_grid cols_4 laptops-cols_2 tablets-cols_1 mobiles-cols_1 valign_top type_default stacking_default\" style=\"--columns-gap:1.5rem;\"><div class=\"wpb_column vc_column_container\"><div class=\"vc_column-inner\"><div class=\"w-flipbox animation_cardflip direction_w\"><div class=\"w-flipbox-h easing_easeInOutCirc\" style=\"transition-duration:0.5s;\"><div class=\"w-flipbox-hh\"><div class=\"w-flipbox-front us_custom_486e7598\" style=\"background:var(--color-footer-bg-alt);color:var(--color-footer-heading);\"><div class=\"w-flipbox-front-h\"><div class=\"w-flipbox-front-icon style_default\" style=\"font-size:60px;\"><i class=\"material-icons\">picture_as_pdf<\/i><\/div><h6 class=\"w-flipbox-front-title\">Cjenovnik<\/h6><\/div><\/div><div class=\"w-flipbox-back us_custom_486e7598\" style=\"display:none;background:var(--color-content-bg-alt);color:var(--color-content-text);\"><div class=\"w-flipbox-back-h\"><div class=\"w-flipbox-back-desc\"><p>Cjenovnik komunalnih usluga odvoza komunalnog otpada 2025<\/p>\n<\/div><\/div><\/div><\/div><\/div><a href=\"\/wp-content\/uploads\/2025\/11\/Cjenovnik-komunalnih-usluga-odvoza-komunalnog-otpada-2025.pdf\"><\/a><\/div><\/div><\/div><div class=\"wpb_column vc_column_container\"><div class=\"vc_column-inner\"><div class=\"w-flipbox animation_cardflip direction_w\"><div class=\"w-flipbox-h easing_ease\" style=\"transition-duration:0.5s;\"><div class=\"w-flipbox-hh\"><div class=\"w-flipbox-front us_custom_486e7598\" style=\"background:var(--color-footer-bg-alt);color:var(--color-footer-heading);\"><div class=\"w-flipbox-front-h\"><div class=\"w-flipbox-front-icon style_default\" style=\"font-size:60px;\"><i class=\"material-icons\">picture_as_pdf<\/i><\/div><h6 class=\"w-flipbox-front-title\">Odluka o komunalnom redu<\/h6><\/div><\/div><div class=\"w-flipbox-back us_custom_486e7598\" style=\"display:none;background:var(--color-content-bg-alt);color:var(--color-content-text);\"><div class=\"w-flipbox-back-h\"><div class=\"w-flipbox-back-desc\"><p>Odluka o komunalnom redu Op\u0107ine Kalesija<\/p>\n<\/div><\/div><\/div><\/div><\/div><a href=\"\/wp-content\/uploads\/2020\/05\/Odluka-o-komunalnom-redu.pdf\"><\/a><\/div><\/div><\/div><div class=\"wpb_column vc_column_container\"><div class=\"vc_column-inner\"><div class=\"w-flipbox animation_cardflip direction_w\"><div class=\"w-flipbox-h easing_ease\" style=\"transition-duration:0.5s;\"><div class=\"w-flipbox-hh\"><div class=\"w-flipbox-front us_custom_486e7598\" style=\"background:var(--color-footer-bg-alt);color:var(--color-footer-heading);\"><div class=\"w-flipbox-front-h\"><div class=\"w-flipbox-front-icon style_default\" style=\"font-size:60px;\"><i class=\"material-icons\">picture_as_pdf<\/i><\/div><h6 class=\"w-flipbox-front-title\">Odluka o obaveznom prikupljanju i odvozu komunalnog otpada<\/h6><\/div><\/div><div class=\"w-flipbox-back us_custom_486e7598\" style=\"display:none;background:var(--color-content-bg-alt);color:var(--color-content-text);\"><div class=\"w-flipbox-back-h\"><div class=\"w-flipbox-back-desc\"><p>Odluka o obaveznom odvozu prikupljanju i odvozu komunalnog otpada na podru\u010dju op\u0107ine Kalesija<\/p>\n<\/div><\/div><\/div><\/div><\/div><a href=\"\/wp-content\/uploads\/2020\/05\/Odluka-o-obaveznom-odvozu-prikupljanju-i-odvozu-komunalnog-otpada-na-podru\u010dju-op\u0107ine-Kalesija.pdf\"><\/a><\/div><\/div><\/div><div class=\"wpb_column vc_column_container\"><div class=\"vc_column-inner\"><\/div><\/div><\/div><\/div><\/div><\/div><\/div><\/section><section class=\"l-section wpb_row height_medium\"><div class=\"l-section-h i-cf\"><div class=\"g-cols vc_row via_grid cols_1 laptops-cols_inherit tablets-cols_inherit mobiles-cols_1 valign_top type_default stacking_default\"><div class=\"wpb_column vc_column_container\"><div class=\"vc_column-inner\"><div class=\"w-actionbox color_primary controls_right\"><div class=\"w-actionbox-text\"><h2 class=\"w-actionbox-title\">\u017delite postati korisnik na\u0161ih usluga ?<\/h2><\/div><div class=\"w-actionbox-controls\"><a class=\"w-btn us-btn-style_1\" title=\"Postanite korisnik\" href=\"https:\/\/komunalac-kalesija.ba\/update\/postanite-korisnik\/\"><span class=\"w-btn-label\">PO\u0160ALJITE ZAHTJEV<\/span><\/a><\/div><\/div><\/div><\/div><\/div><\/div><\/section>\n","protected":false},"excerpt":{"rendered":"PropisiNa ovoj stranici dostupni su va\u017ee\u0107i propisi, odluke, pravilnici i drugi dokumenti koji ure\u0111uju rad i djelatnosti JKP \u201eKomunalac\u201c Kalesija.picture_as_pdfCjenovnikCjenovnik komunalnih usluga odvoza komunalnog otpada 2025 picture_as_pdfOdluka o komunalnom reduOdluka o komunalnom redu Op\u0107ine Kalesija picture_as_pdfOdluka o obaveznom prikupljanju i odvozu komunalnog otpadaOdluka o obaveznom odvozu prikupljanju i odvozu komunalnog otpada na podru\u010dju op\u0107ine Kalesija...","protected":false},"author":1,"featured_media":0,"parent":0,"menu_order":0,"comment_status":"closed","ping_status":"closed","template":"","meta":{"_acf_changed":false,"footnotes":""},"class_list":["post-7663","page","type-page","status-publish","hentry"],"acf":[],"_links":{"self":[{"href":"https:\/\/komunalac-kalesija.ba\/update\/wp-json\/wp\/v2\/pages\/7663","targetHints":{"allow":["GET"]}}],"collection":[{"href":"https:\/\/komunalac-kalesija.ba\/update\/wp-json\/wp\/v2\/pages"}],"about":[{"href":"https:\/\/komunalac-kalesija.ba\/update\/wp-json\/wp\/v2\/types\/page"}],"author":[{"embeddable":true,"href":"https:\/\/komunalac-kalesija.ba\/update\/wp-json\/wp\/v2\/users\/1"}],"replies":[{"embeddable":true,"href":"https:\/\/komunalac-kalesija.ba\/update\/wp-json\/wp\/v2\/comments?post=7663"}],"version-history":[{"count":16,"href":"https:\/\/komunalac-kalesija.ba\/update\/wp-json\/wp\/v2\/pages\/7663\/revisions"}],"predecessor-version":[{"id":8475,"href":"https:\/\/komunalac-kalesija.ba\/update\/wp-json\/wp\/v2\/pages\/7663\/revisions\/8475"}],"wp:attachment":[{"href":"https:\/\/komunalac-kalesija.ba\/update\/wp-json\/wp\/v2\/media?parent=7663"}],"curies":[{"name":"wp","href":"https:\/\/api.w.org\/{rel}","templated":true}]}}