{"id":7637,"date":"2020-03-25T18:29:12","date_gmt":"2020-03-25T18:29:12","guid":{"rendered":"https:\/\/komunalac-kalesija.ba\/update\/?page_id=7637"},"modified":"2026-04-15T19:48:28","modified_gmt":"2026-04-15T19:48:28","slug":"pijaca","status":"publish","type":"page","link":"https:\/\/komunalac-kalesija.ba\/update\/pijaca\/","title":{"rendered":"Pijaca"},"content":{"rendered":"<section class=\"l-section wpb_row height_medium\"><div class=\"l-section-h i-cf\"><div class=\"g-cols vc_row via_grid cols_1 laptops-cols_inherit tablets-cols_inherit mobiles-cols_1 valign_top type_default stacking_default\"><div class=\"wpb_column vc_column_container\"><div class=\"vc_column-inner\"><h1 class=\"w-post-elm post_title align_center entry-title color_link_inherit\">Pijaca<\/h1><h6 class=\"w-text us_custom_eb849559\"><span class=\"w-text-h\"><span class=\"w-text-value\">Informacije o radu gradske pijace, uslovima kori\u0161tenja i zakupcima.<\/span><\/span><\/h6><\/div><\/div><\/div><\/div><\/section><section class=\"l-section wpb_row height_medium\"><div class=\"l-section-h i-cf\"><div class=\"g-cols vc_row via_grid cols_1 laptops-cols_inherit tablets-cols_inherit mobiles-cols_1 valign_top type_default stacking_default\"><div class=\"wpb_column vc_column_container\"><div class=\"vc_column-inner\"><div class=\"w-separator size_small\"><\/div><div class=\"w-pricing style_flat items_2\"><div class=\"w-pricing-item type_default\"><div class=\"w-pricing-item-h\"><div class=\"w-pricing-item-header\"><div class=\"w-pricing-item-title\">Placarina<\/div><div class=\"w-pricing-item-price\">2,00<small>KM\/m<\/small><\/div><\/div><ul class=\"w-pricing-item-features\"><li class=\"w-pricing-item-feature\">Dnevna naknada za kori\u0161tenje prostora na zelenoj pijaci za prodaju robe.<\/li><\/ul><\/div><\/div><div class=\"w-pricing-item type_featured\"><div class=\"w-pricing-item-h\"><div class=\"w-pricing-item-header\"><div class=\"w-pricing-item-title\">Rezervacija<\/div><div class=\"w-pricing-item-price\">5,00<small>KM\/m<\/small><\/div><\/div><ul class=\"w-pricing-item-features\"><li class=\"w-pricing-item-feature\">Mjese\u010dna naknada za kori\u0161tenje prostora na zelenoj pijaci za prodaju robe.<\/li><\/ul><\/div><\/div><\/div><div class=\"w-separator size_small\"><\/div><\/div><\/div><\/div><\/div><\/section><section class=\"l-section wpb_row height_medium\"><div class=\"l-section-h i-cf\"><div class=\"g-cols vc_row via_grid cols_1 laptops-cols_inherit tablets-cols_inherit mobiles-cols_1 valign_top type_default stacking_default\"><div class=\"wpb_column vc_column_container\"><div class=\"vc_column-inner\"><div class=\"w-actionbox color_primary controls_right\"><div class=\"w-actionbox-text\"><h2 class=\"w-actionbox-title\">\u017delite postati korisnik na\u0161ih usluga ?<\/h2><\/div><div class=\"w-actionbox-controls\"><a class=\"w-btn us-btn-style_1\" title=\"Postanite korisnik\" href=\"https:\/\/komunalac-kalesija.ba\/update\/postanite-korisnik\/\"><span class=\"w-btn-label\">PO\u0160ALJI ZAHTJEV<\/span><\/a><\/div><\/div><\/div><\/div><\/div><\/div><\/section>\n","protected":false},"excerpt":{"rendered":"PijacaInformacije o radu gradske pijace, uslovima kori\u0161tenja i zakupcima.Placarina2,00KM\/mDnevna naknada za kori\u0161tenje prostora na zelenoj pijaci za prodaju robe.Rezervacija5,00KM\/mMjese\u010dna naknada za kori\u0161tenje prostora na zelenoj pijaci za prodaju robe.\u017delite postati korisnik na\u0161ih usluga ?PO\u0160ALJI ZAHTJEV","protected":false},"author":1,"featured_media":0,"parent":0,"menu_order":0,"comment_status":"closed","ping_status":"closed","template":"","meta":{"_acf_changed":false,"footnotes":""},"class_list":["post-7637","page","type-page","status-publish","hentry"],"acf":[],"_links":{"self":[{"href":"https:\/\/komunalac-kalesija.ba\/update\/wp-json\/wp\/v2\/pages\/7637","targetHints":{"allow":["GET"]}}],"collection":[{"href":"https:\/\/komunalac-kalesija.ba\/update\/wp-json\/wp\/v2\/pages"}],"about":[{"href":"https:\/\/komunalac-kalesija.ba\/update\/wp-json\/wp\/v2\/types\/page"}],"author":[{"embeddable":true,"href":"https:\/\/komunalac-kalesija.ba\/update\/wp-json\/wp\/v2\/users\/1"}],"replies":[{"embeddable":true,"href":"https:\/\/komunalac-kalesija.ba\/update\/wp-json\/wp\/v2\/comments?post=7637"}],"version-history":[{"count":6,"href":"https:\/\/komunalac-kalesija.ba\/update\/wp-json\/wp\/v2\/pages\/7637\/revisions"}],"predecessor-version":[{"id":8444,"href":"https:\/\/komunalac-kalesija.ba\/update\/wp-json\/wp\/v2\/pages\/7637\/revisions\/8444"}],"wp:attachment":[{"href":"https:\/\/komunalac-kalesija.ba\/update\/wp-json\/wp\/v2\/media?parent=7637"}],"curies":[{"name":"wp","href":"https:\/\/api.w.org\/{rel}","templated":true}]}}