{"id":7635,"date":"2020-03-25T18:28:36","date_gmt":"2020-03-25T18:28:36","guid":{"rendered":"https:\/\/komunalac-kalesija.ba\/update\/?page_id=7635"},"modified":"2026-04-15T19:50:28","modified_gmt":"2026-04-15T19:50:28","slug":"centralno-grijanje","status":"publish","type":"page","link":"https:\/\/komunalac-kalesija.ba\/update\/centralno-grijanje\/","title":{"rendered":"Centralno grijanje"},"content":{"rendered":"<section class=\"l-section wpb_row height_medium\"><div class=\"l-section-h i-cf\"><div class=\"g-cols vc_row via_grid cols_1 laptops-cols_inherit tablets-cols_inherit mobiles-cols_1 valign_top type_default stacking_default\"><div class=\"wpb_column vc_column_container\"><div class=\"vc_column-inner\"><h1 class=\"w-post-elm post_title align_center entry-title color_link_inherit\">Centralno grijanje<\/h1><h6 class=\"w-text us_custom_eb849559\"><span class=\"w-text-h\"><span class=\"w-text-value\">JKP \u201eKomunalac\u201c Kalesija pru\u017ea uslugu centralnog grijanja za korisnike na podru\u010dju op\u0107ine Kalesija. Cilj nam je osigurati pouzdanu i kontinuiranu isporuku toplotne energije tokom grijne sezone.<\/span><\/span><\/h6><\/div><\/div><\/div><\/div><\/section><section class=\"l-section wpb_row height_medium\"><div class=\"l-section-h i-cf\"><div class=\"g-cols vc_row via_grid cols_1 laptops-cols_inherit tablets-cols_inherit mobiles-cols_1 valign_top type_default stacking_default\"><div class=\"wpb_column vc_column_container\"><div class=\"vc_column-inner\"><div class=\"wpb_text_column\"><div class=\"wpb_wrapper\"><h4 style=\"text-align: left;\">Primjenjuju se za pravna i fizi\u010dka lica u Kalesiji centru.<\/h4>\n<\/div><\/div><div class=\"w-separator size_small\"><\/div><div class=\"w-pricing style_flat items_2\"><div class=\"w-pricing-item type_default\"><div class=\"w-pricing-item-h\"><div class=\"w-pricing-item-header\"><div class=\"w-pricing-item-title\">Stanovi<\/div><div class=\"w-pricing-item-price\">4,00<small>KM\/m\u00b2<\/small><\/div><\/div><ul class=\"w-pricing-item-features\"><li class=\"w-pricing-item-feature\">Odnosi se na povr\u0161inu koja se grije.<\/li><\/ul><\/div><\/div><div class=\"w-pricing-item type_featured\"><div class=\"w-pricing-item-h\"><div class=\"w-pricing-item-header\"><div class=\"w-pricing-item-title\">Pravna lica<\/div><div class=\"w-pricing-item-price\">9,00<small>KM\/m\u00b2<\/small><\/div><\/div><ul class=\"w-pricing-item-features\"><li class=\"w-pricing-item-feature\">Odnosi se na povr\u0161inu koja se grije.<\/li><\/ul><\/div><\/div><\/div><div class=\"w-separator size_small\"><\/div><\/div><\/div><\/div><\/div><\/section><section class=\"l-section wpb_row height_medium\"><div class=\"l-section-h i-cf\"><div class=\"g-cols vc_row via_grid cols_1 laptops-cols_inherit tablets-cols_inherit mobiles-cols_1 valign_top type_default stacking_default\"><div class=\"wpb_column vc_column_container\"><div class=\"vc_column-inner\"><div class=\"w-actionbox color_primary controls_right\"><div class=\"w-actionbox-text\"><h2 class=\"w-actionbox-title\">\u017delite postati korisnik na\u0161ih usluga ?<\/h2><\/div><div class=\"w-actionbox-controls\"><a class=\"w-btn us-btn-style_1\" title=\"Postanite korisnik\" href=\"http:\/\/komunalac-kalesija.ba\/postanite-korisnik\/\"><span class=\"w-btn-label\">PO\u0160ALJITE ZAHTJEV<\/span><\/a><\/div><\/div><\/div><\/div><\/div><\/div><\/section>\n","protected":false},"excerpt":{"rendered":"Centralno grijanjeJKP \u201eKomunalac\u201c Kalesija pru\u017ea uslugu centralnog grijanja za korisnike na podru\u010dju op\u0107ine Kalesija. Cilj nam je osigurati pouzdanu i kontinuiranu isporuku toplotne energije tokom grijne sezone.Primjenjuju se za pravna i fizi\u010dka lica u Kalesiji centru. Stanovi4,00KM\/m\u00b2Odnosi se na povr\u0161inu koja se grije.Pravna lica9,00KM\/m\u00b2Odnosi se na povr\u0161inu koja se grije.\u017delite postati korisnik na\u0161ih usluga ?PO\u0160ALJITE...","protected":false},"author":1,"featured_media":0,"parent":0,"menu_order":0,"comment_status":"closed","ping_status":"closed","template":"","meta":{"_acf_changed":false,"footnotes":""},"class_list":["post-7635","page","type-page","status-publish","hentry"],"acf":[],"_links":{"self":[{"href":"https:\/\/komunalac-kalesija.ba\/update\/wp-json\/wp\/v2\/pages\/7635","targetHints":{"allow":["GET"]}}],"collection":[{"href":"https:\/\/komunalac-kalesija.ba\/update\/wp-json\/wp\/v2\/pages"}],"about":[{"href":"https:\/\/komunalac-kalesija.ba\/update\/wp-json\/wp\/v2\/types\/page"}],"author":[{"embeddable":true,"href":"https:\/\/komunalac-kalesija.ba\/update\/wp-json\/wp\/v2\/users\/1"}],"replies":[{"embeddable":true,"href":"https:\/\/komunalac-kalesija.ba\/update\/wp-json\/wp\/v2\/comments?post=7635"}],"version-history":[{"count":6,"href":"https:\/\/komunalac-kalesija.ba\/update\/wp-json\/wp\/v2\/pages\/7635\/revisions"}],"predecessor-version":[{"id":8445,"href":"https:\/\/komunalac-kalesija.ba\/update\/wp-json\/wp\/v2\/pages\/7635\/revisions\/8445"}],"wp:attachment":[{"href":"https:\/\/komunalac-kalesija.ba\/update\/wp-json\/wp\/v2\/media?parent=7635"}],"curies":[{"name":"wp","href":"https:\/\/api.w.org\/{rel}","templated":true}]}}