{"id":2508,"date":"2013-12-16T19:45:19","date_gmt":"2013-12-16T19:45:19","guid":{"rendered":"http:\/\/impreza.us-themes.net\/?page_id=2508"},"modified":"2026-04-15T21:07:44","modified_gmt":"2026-04-15T21:07:44","slug":"cesta-pitanja","status":"publish","type":"page","link":"https:\/\/komunalac-kalesija.ba\/update\/cesta-pitanja\/","title":{"rendered":"\u010cesta pitanja"},"content":{"rendered":"<section class=\"l-section wpb_row height_medium\"><div class=\"l-section-h i-cf\"><div class=\"g-cols vc_row via_grid cols_1 laptops-cols_inherit tablets-cols_inherit mobiles-cols_1 valign_top type_default stacking_default\"><div class=\"wpb_column vc_column_container\"><div class=\"vc_column-inner\"><h1 class=\"w-post-elm post_title align_center entry-title color_link_inherit\">\u010cesta pitanja<\/h1><\/div><\/div><\/div><\/div><\/section><section class=\"l-section wpb_row height_medium\"><div class=\"l-section-h i-cf\"><div class=\"g-cols vc_row via_grid cols_3-1 laptops-cols_inherit tablets-cols_inherit mobiles-cols_1 valign_top type_default stacking_default\"><div class=\"wpb_column vc_column_container\"><div class=\"vc_column-inner\"><div class=\"w-tabs style_default switch_click accordion type_togglable has_scrolling\" style=\"--sections-title-size:1.4rem\"><div class=\"w-tabs-sections titles-align_none icon_chevron cpos_right\"><div class=\"w-tabs-section\" id=\"ka20\"><button class=\"w-tabs-section-header with_icon\" aria-controls=\"content-ka20\" aria-expanded=\"false\"><i class=\"far fa-question-circle\"><\/i><div class=\"w-tabs-section-title\">\u0160ta se smatra ku\u0107nim komunalnim otpadom?<\/div><div class=\"w-tabs-section-control\"><\/div><\/button><div  class=\"w-tabs-section-content\" id=\"content-ka20\"><div class=\"w-tabs-section-content-h i-cf\"><div class=\"wpb_text_column\"><div class=\"wpb_wrapper\"><p>Ku\u0107nim komunalnim otpadom se smatraju otpaci koji nastaju u doma\u0107instvima odnosno ku\u0107no sme\u0107e, a koji se po svojoj veli\u010dini mogu odlagati u posude za komunalni otpad i ne spadaju u kategoriju opasni otpad.<\/p>\n<\/div><\/div><\/div><\/div><\/div><div class=\"w-tabs-section\" id=\"rb54\"><button class=\"w-tabs-section-header with_icon\" aria-controls=\"content-rb54\" aria-expanded=\"false\"><i class=\"far fa-question-circle\"><\/i><div class=\"w-tabs-section-title\">\u0160ta nije ku\u0107ni komunalnim otpad?<\/div><div class=\"w-tabs-section-control\"><\/div><\/button><div  class=\"w-tabs-section-content\" id=\"content-rb54\"><div class=\"w-tabs-section-content-h i-cf\"><div class=\"wpb_text_column\"><div class=\"wpb_wrapper\"><p>Ku\u0107nim otpadom ne smatraju se: zemlja, ku\u0107anski aparati,namje\u0161taj, poku\u0107stvo, otpaci i ostatci gra\u0111evinskog materijala, \u0161ljaka; podrumsko, dvori\u0161no i tavanski otpad u ve\u0107im koli\u010dinama, kao i drugi krupni otpaci koji nastaju u procesu industrijalizacije, zanatske, poljoprivredne ili druge proizvodnje ili djelatnosti.<\/p>\n<\/div><\/div><\/div><\/div><\/div><div class=\"w-tabs-section\" id=\"q060\"><button class=\"w-tabs-section-header with_icon\" aria-controls=\"content-q060\" aria-expanded=\"false\"><i class=\"far fa-question-circle\"><\/i><div class=\"w-tabs-section-title\">Vi\u0161a sila?<\/div><div class=\"w-tabs-section-control\"><\/div><\/button><div  class=\"w-tabs-section-content\" id=\"content-q060\"><div class=\"w-tabs-section-content-h i-cf\"><div class=\"g-cols wpb_row via_grid cols_1 laptops-cols_inherit tablets-cols_inherit mobiles-cols_1 valign_top type_default stacking_default\" style=\"--columns-gap:3rem;\"><div class=\"wpb_column vc_column_container\"><div class=\"vc_column-inner\"><div class=\"wpb_text_column\"><div class=\"wpb_wrapper\"><p>U slu\u010daju prekida u pru\u017eanju usluge usljed vi\u0161e sile ili neplaniranih poreme\u0107aja, davalac usluge se obavezuje obavijestiti korisnika usluge na pogodan na\u010din (putem medija i sl), te uslugu izvr\u0161iti naredni dan po otklanjanju ili prestanku zastoja u pru\u017eanju usluge.<\/p>\n<\/div><\/div><\/div><\/div><\/div><\/div><\/div><\/div><div class=\"w-tabs-section\" id=\"n127\"><button class=\"w-tabs-section-header with_icon\" aria-controls=\"content-n127\" aria-expanded=\"false\"><i class=\"far fa-question-circle\"><\/i><div class=\"w-tabs-section-title\">Reklamacije?<\/div><div class=\"w-tabs-section-control\"><\/div><\/button><div  class=\"w-tabs-section-content\" id=\"content-n127\"><div class=\"w-tabs-section-content-h i-cf\"><div class=\"wpb_text_column\"><div class=\"wpb_wrapper\"><p>U slu\u010daju neurednog vr\u0161enja komunalne usluge odvoza komunalnog otpada, korisnik usluge \u0107e izvr\u0161iti reklamaciju najkasnije narednog dana, a davalac usluge se obavezuje opravdanu reklamaciju otkloniti tokom dana.<\/p>\n<\/div><\/div><\/div><\/div><\/div><div class=\"w-tabs-section\" id=\"w1dd\"><button class=\"w-tabs-section-header with_icon\" aria-controls=\"content-w1dd\" aria-expanded=\"false\"><i class=\"far fa-question-circle\"><\/i><div class=\"w-tabs-section-title\">\u0160ta je obaveza korisnika usluga?<\/div><div class=\"w-tabs-section-control\"><\/div><\/button><div  class=\"w-tabs-section-content\" id=\"content-w1dd\"><div class=\"w-tabs-section-content-h i-cf\"><div class=\"wpb_text_column\"><div class=\"wpb_wrapper\"><p>Korisnik usluge se obavezuje da \u0107e obezbjediti jednu pokrivenu posudu za prikupljanje komunalnog otpada (kanta za komunalni otpad), istu dr\u017eati urednu i pristupa\u010dnu za pra\u017enjenje na mjestu gdje je mogu\u0107 pristup komunalnim vozilom ili koristi zajedni\u010dke posude na lokacijama odre\u0111enim od Op\u0107inske slu\u017ebe nadle\u017ene za komunalne poslove.<\/p>\n<\/div><\/div><\/div><\/div><\/div><div class=\"w-tabs-section\" id=\"c4f9\"><button class=\"w-tabs-section-header with_icon\" aria-controls=\"content-c4f9\" aria-expanded=\"false\"><i class=\"far fa-question-circle\"><\/i><div class=\"w-tabs-section-title\">Pla\u0107anje?<\/div><div class=\"w-tabs-section-control\"><\/div><\/button><div  class=\"w-tabs-section-content\" id=\"content-c4f9\"><div class=\"w-tabs-section-content-h i-cf\"><div class=\"g-cols wpb_row via_grid cols_1 laptops-cols_inherit tablets-cols_inherit mobiles-cols_1 valign_top type_default stacking_default\" style=\"--columns-gap:3rem;\"><div class=\"wpb_column vc_column_container\"><div class=\"vc_column-inner\"><div class=\"wpb_text_column\"><div class=\"wpb_wrapper\"><p>Za kori\u0161tenje uslug korisnik \u0107e pla\u0107ati mjese\u010dni iznos po va\u017ee\u0107em cjenovniku i ispostavljenoj fakturi najdalje do 10-og u teku\u0107em mjesecu za prethodni mjesec inkasantu ili na blagajni davaoca usluge, ili na \u017eiro ra\u010dune:<\/p>\n<p>1321400311646341 kod NLB Banka d.d. Sarajevo<br \/>\n3383002250182642 kod UniCredit Bank d.d.<\/p>\n<\/div><\/div><\/div><\/div><\/div><\/div><\/div><\/div><\/div><\/div><div class=\"w-separator size_small\"><\/div><\/div><\/div><div class=\"wpb_column vc_column_container type_sticky\"><div class=\"vc_column-inner\"><div class=\"wpb_text_column\"><div class=\"wpb_wrapper\"><h4>Imate jo\u0161 pitanja?<\/h4>\n<p>Ukoliko niste prona\u0161li odgovor na Va\u0161e pitanje, javite nam se porukom i nastojat \u0107emo da Vam odgovorimo u \u0161to kra\u0107em roku.<\/p>\n<\/div><\/div><div class=\"w-separator size_small\"><\/div><div class=\"w-btn-wrapper align_none\"><a class=\"w-btn us-btn-style_2\" title=\"Contact\" href=\"https:\/\/komunalac-kalesija.ba\/update\/kontakt\/\"><span class=\"w-btn-label\">Kontaktirajte nas<\/span><\/a><\/div><\/div><\/div><\/div><\/div><\/section><section class=\"l-section wpb_row height_medium\"><div class=\"l-section-h i-cf\"><div class=\"g-cols vc_row via_grid cols_1 laptops-cols_inherit tablets-cols_inherit mobiles-cols_1 valign_top type_default stacking_default\"><div class=\"wpb_column vc_column_container\"><div class=\"vc_column-inner\"><div class=\"w-actionbox color_primary controls_right\"><div class=\"w-actionbox-text\"><h2 class=\"w-actionbox-title\">\u017delite postati korisnik na\u0161ih usluga ?<\/h2><\/div><div class=\"w-actionbox-controls\"><a class=\"w-btn us-btn-style_1\" title=\"Postanite korisnik\" href=\"https:\/\/komunalac-kalesija.ba\/update\/postanite-korisnik\/\"><span class=\"w-btn-label\">PO\u0160ALJITE ZAHTJEV<\/span><\/a><\/div><\/div><\/div><\/div><\/div><\/div><\/section>\n","protected":false},"excerpt":{"rendered":"\u010cesta pitanja\u0160ta se smatra ku\u0107nim komunalnim otpadom?Ku\u0107nim komunalnim otpadom se smatraju otpaci koji nastaju u doma\u0107instvima odnosno ku\u0107no sme\u0107e, a koji se po svojoj veli\u010dini mogu odlagati u posude za komunalni otpad i ne spadaju u kategoriju opasni otpad. \u0160ta nije ku\u0107ni komunalnim otpad?Ku\u0107nim otpadom ne smatraju se: zemlja, ku\u0107anski aparati,namje\u0161taj, poku\u0107stvo, otpaci i ostatci...","protected":false},"author":1,"featured_media":0,"parent":0,"menu_order":0,"comment_status":"closed","ping_status":"closed","template":"","meta":{"_acf_changed":false,"footnotes":""},"class_list":["post-2508","page","type-page","status-publish","hentry"],"acf":[],"_links":{"self":[{"href":"https:\/\/komunalac-kalesija.ba\/update\/wp-json\/wp\/v2\/pages\/2508","targetHints":{"allow":["GET"]}}],"collection":[{"href":"https:\/\/komunalac-kalesija.ba\/update\/wp-json\/wp\/v2\/pages"}],"about":[{"href":"https:\/\/komunalac-kalesija.ba\/update\/wp-json\/wp\/v2\/types\/page"}],"author":[{"embeddable":true,"href":"https:\/\/komunalac-kalesija.ba\/update\/wp-json\/wp\/v2\/users\/1"}],"replies":[{"embeddable":true,"href":"https:\/\/komunalac-kalesija.ba\/update\/wp-json\/wp\/v2\/comments?post=2508"}],"version-history":[{"count":11,"href":"https:\/\/komunalac-kalesija.ba\/update\/wp-json\/wp\/v2\/pages\/2508\/revisions"}],"predecessor-version":[{"id":8486,"href":"https:\/\/komunalac-kalesija.ba\/update\/wp-json\/wp\/v2\/pages\/2508\/revisions\/8486"}],"wp:attachment":[{"href":"https:\/\/komunalac-kalesija.ba\/update\/wp-json\/wp\/v2\/media?parent=2508"}],"curies":[{"name":"wp","href":"https:\/\/api.w.org\/{rel}","templated":true}]}}