{"id":185,"date":"2022-01-12T14:24:43","date_gmt":"2022-01-12T14:24:43","guid":{"rendered":"https:\/\/impreza35.us-themes.com\/?page_id=185"},"modified":"2026-04-15T19:31:08","modified_gmt":"2026-04-15T19:31:08","slug":"usluge","status":"publish","type":"page","link":"https:\/\/komunalac-kalesija.ba\/update\/usluge\/","title":{"rendered":"Usluge"},"content":{"rendered":"<section class=\"l-section wpb_row height_medium\"><div class=\"l-section-h i-cf\"><div class=\"g-cols vc_row via_grid cols_1 laptops-cols_inherit tablets-cols_inherit mobiles-cols_1 valign_top type_default stacking_default\"><div class=\"wpb_column vc_column_container\"><div class=\"vc_column-inner\"><h1 class=\"w-post-elm post_title align_center entry-title color_link_inherit\">Usluge<\/h1><\/div><\/div><\/div><\/div><\/section><section class=\"l-section wpb_row us_custom_b03640aa height_large\"><div class=\"l-section-h i-cf\"><div class=\"g-cols vc_row via_grid cols_1 laptops-cols_inherit tablets-cols_inherit mobiles-cols_1 valign_top type_default stacking_default\"><div class=\"wpb_column vc_column_container\"><div class=\"vc_column-inner\"><div class=\"g-cols wpb_row via_grid cols_2 laptops-cols_inherit tablets-cols_inherit mobiles-cols_1 valign_top type_default stacking_default\" style=\"--columns-gap:2vw;\"><div class=\"wpb_column vc_column_container\"><div class=\"vc_column-inner\"><div class=\"w-ibanner us_custom_6f334f1a has_text_color animation_phorcys ratio_3x2 easing_easeInOutCirc\"><a href=\"\/odvoz-otpada\" aria-label=\"Odvoz otpada\"><\/a><div class=\"w-ibanner-h\"><div class=\"w-ibanner-image\" style=\"background-image: url(https:\/\/komunalac-kalesija.ba\/update\/wp-content\/uploads\/2026\/04\/odvoz-otpada.png)\"><\/div><div class=\"w-ibanner-content\"><div class=\"w-ibanner-content-h\"><h3 class=\"w-ibanner-title\">Odvoz otpada<\/h3><div class=\"w-ibanner-desc\"><p>Informacije o organizovanom prikupljanju i odvozu komunalnog otpada na podru\u010dju op\u0107ine Kalesija.<\/p>\n<\/div><\/div><\/div><\/div><\/div><div class=\"w-separator size_custom\" style=\"height:2vw\"><\/div><div class=\"w-ibanner us_custom_6f334f1a has_text_color animation_phorcys ratio_3x2 easing_easeInOutCirc\"><a href=\"\/pijaca\" aria-label=\"Gradska pijaca\"><\/a><div class=\"w-ibanner-h\"><div class=\"w-ibanner-image\" style=\"background-image: url(https:\/\/komunalac-kalesija.ba\/update\/wp-content\/uploads\/2026\/04\/pijaca.png)\"><\/div><div class=\"w-ibanner-content\"><div class=\"w-ibanner-content-h\"><h3 class=\"w-ibanner-title\">Gradska pijaca<\/h3><div class=\"w-ibanner-desc\"><p>Pregled uslova kori\u0161tenja, informacija za zakupce i va\u017enih obavje\u0161tenja vezanih za rad pijace.<\/p>\n<\/div><\/div><\/div><\/div><\/div><\/div><\/div><div class=\"wpb_column vc_column_container\"><div class=\"vc_column-inner\"><div class=\"w-ibanner us_custom_6f334f1a has_text_color animation_phorcys ratio_3x2 easing_easeInOutCirc\"><a href=\"\/centralno-grijanje\" aria-label=\"Centralno grijanje\"><\/a><div class=\"w-ibanner-h\"><div class=\"w-ibanner-image\" style=\"background-image: url(https:\/\/komunalac-kalesija.ba\/update\/wp-content\/uploads\/2026\/04\/grijanje.png)\"><\/div><div class=\"w-ibanner-content\"><div class=\"w-ibanner-content-h\"><h3 class=\"w-ibanner-title\">Centralno grijanje<\/h3><div class=\"w-ibanner-desc\"><p>Informacije o usluzi centralnog grijanja, korisni\u010dkoj podr\u0161ci, va\u017enim obavje\u0161tenjima i pitanjima vezanim za isporuku toplotne energije.<\/p>\n<\/div><\/div><\/div><\/div><\/div><div class=\"w-separator size_custom\" style=\"height:2vw\"><\/div><div class=\"w-ibanner us_custom_6f334f1a has_text_color animation_phorcys ratio_3x2 easing_easeInOutCirc\"><a href=\"\/postanite-korisnik\/\" aria-label=\"Postani korisnik\"><\/a><div class=\"w-ibanner-h\"><div class=\"w-ibanner-image\" style=\"background-image: url(https:\/\/komunalac-kalesija.ba\/update\/wp-content\/uploads\/2026\/04\/5cf0ef8f-cd64-4d6f-940a-957e095d4df6-1024x683.png)\"><\/div><div class=\"w-ibanner-content\"><div class=\"w-ibanner-content-h\"><h3 class=\"w-ibanner-title\">Postani korisnik<\/h3><div class=\"w-ibanner-desc\"><p>Podnesite zahtjeve za usluge brzo i jednostavno putem dostupnih obrazaca.<\/p>\n<\/div><\/div><\/div><\/div><\/div><\/div><\/div><\/div><\/div><\/div><\/div><\/div><\/section>\n","protected":false},"excerpt":{"rendered":"UslugeOdvoz otpadaInformacije o organizovanom prikupljanju i odvozu komunalnog otpada na podru\u010dju op\u0107ine Kalesija. Gradska pijacaPregled uslova kori\u0161tenja, informacija za zakupce i va\u017enih obavje\u0161tenja vezanih za rad pijace. Centralno grijanjeInformacije o usluzi centralnog grijanja, korisni\u010dkoj podr\u0161ci, va\u017enim obavje\u0161tenjima i pitanjima vezanim za isporuku toplotne energije. Postani korisnikPodnesite zahtjeve za usluge brzo i jednostavno putem dostupnih obrazaca.","protected":false},"author":1,"featured_media":0,"parent":0,"menu_order":0,"comment_status":"closed","ping_status":"closed","template":"","meta":{"_acf_changed":false,"footnotes":""},"class_list":["post-185","page","type-page","status-publish","hentry"],"acf":[],"_links":{"self":[{"href":"https:\/\/komunalac-kalesija.ba\/update\/wp-json\/wp\/v2\/pages\/185","targetHints":{"allow":["GET"]}}],"collection":[{"href":"https:\/\/komunalac-kalesija.ba\/update\/wp-json\/wp\/v2\/pages"}],"about":[{"href":"https:\/\/komunalac-kalesija.ba\/update\/wp-json\/wp\/v2\/types\/page"}],"author":[{"embeddable":true,"href":"https:\/\/komunalac-kalesija.ba\/update\/wp-json\/wp\/v2\/users\/1"}],"replies":[{"embeddable":true,"href":"https:\/\/komunalac-kalesija.ba\/update\/wp-json\/wp\/v2\/comments?post=185"}],"version-history":[{"count":2,"href":"https:\/\/komunalac-kalesija.ba\/update\/wp-json\/wp\/v2\/pages\/185\/revisions"}],"predecessor-version":[{"id":8430,"href":"https:\/\/komunalac-kalesija.ba\/update\/wp-json\/wp\/v2\/pages\/185\/revisions\/8430"}],"wp:attachment":[{"href":"https:\/\/komunalac-kalesija.ba\/update\/wp-json\/wp\/v2\/media?parent=185"}],"curies":[{"name":"wp","href":"https:\/\/api.w.org\/{rel}","templated":true}]}}