{"id":12,"date":"2013-05-31T11:57:37","date_gmt":"2013-05-31T11:57:37","guid":{"rendered":"http:\/\/impreza.us-themes.net\/pages\/about\/"},"modified":"2026-04-15T21:32:15","modified_gmt":"2026-04-15T21:32:15","slug":"profil-preduzeca","status":"publish","type":"page","link":"https:\/\/komunalac-kalesija.ba\/update\/profil-preduzeca\/","title":{"rendered":"Profil preduze\u0107a"},"content":{"rendered":"<section class=\"l-section wpb_row height_medium\"><div class=\"l-section-h i-cf\"><div class=\"g-cols vc_row via_grid cols_1 laptops-cols_inherit tablets-cols_inherit mobiles-cols_1 valign_top type_default stacking_default\"><div class=\"wpb_column vc_column_container\"><div class=\"vc_column-inner\"><h1 class=\"w-text us_custom_ffb7e8f1\"><span class=\"w-text-h\"><span class=\"w-text-value\">Profil preduze\u0107a<\/span><\/span><\/h1><\/div><\/div><\/div><\/div><\/section><section class=\"l-section wpb_row height_medium\" id=\"about\"><div class=\"l-section-h i-cf\"><div class=\"g-cols vc_row via_grid cols_1-2 laptops-cols_inherit tablets-cols_1 mobiles-cols_1 valign_top type_default stacking_default\" style=\"--columns-gap:8vh;\"><div class=\"wpb_column vc_column_container us_custom_b1770b0f has_bg_color\"><div class=\"vc_column-inner\"><\/div><\/div><div class=\"wpb_column vc_column_container\"><div class=\"vc_column-inner\"><h2 class=\"w-text\"><span class=\"w-text-h\"><span class=\"w-text-value\">O nama<\/span><\/span><\/h2><div class=\"w-separator size_small\"><\/div><div class=\"wpb_text_column\"><div class=\"wpb_wrapper\"><p>KP \u201eKomunalac\u201c d.d. Kalesija je javno komunalno preduze\u0107e koje obavlja djelatnosti od javnog interesa na podru\u010dju op\u0107ine Kalesija. Osnovna djelatnost preduze\u0107a obuhvata organizaciju prikupljanja i odvoza komunalnog otpada, upravljanje gradskom pijacom, kao i pru\u017eanje usluga centralnog grijanja.<\/p>\n<p>Kroz svakodnevni rad, preduze\u0107e je usmjereno na odr\u017eavanje urednosti javnih povr\u0161ina, unapre\u0111enje kvaliteta komunalnih usluga i osiguranje dostupnosti usluga svim korisnicima. Poseban fokus stavlja se na odgovoran odnos prema okoli\u0161u, efikasnost u radu i kontinuirano unapre\u0111enje organizacije.<\/p>\n<\/div><\/div><div class=\"w-separator size_large\"><\/div><div class=\"g-cols wpb_row via_grid cols_2 laptops-cols_inherit tablets-cols_inherit mobiles-cols_1 valign_top type_default stacking_default\" style=\"--columns-gap:3.2rem;\"><div class=\"wpb_column vc_column_container\"><div class=\"vc_column-inner\"><div class=\"wpb_text_column us_custom_4481559d\"><div class=\"wpb_wrapper\"><h4>Na\u0161a misija<\/h4>\n<p>Pru\u017eanje pouzdanih i dostupnih komunalnih usluga uz odgovoran odnos prema korisnicima i okoli\u0161u.<\/p>\n<\/div><\/div><\/div><\/div><div class=\"wpb_column vc_column_container\"><div class=\"vc_column-inner\"><div class=\"wpb_text_column us_custom_4481559d\"><div class=\"wpb_wrapper\"><h4>Na\u0161 cilj<\/h4>\n<p>Unapre\u0111enje kvaliteta komunalnih usluga i stvaranje urednijeg i funkcionalnijeg \u017eivotnog okru\u017eenja za sve gra\u0111ane.<\/p>\n<\/div><\/div><\/div><\/div><\/div><\/div><\/div><\/div><\/div><\/section><section class=\"l-section wpb_row height_medium\" id=\"historija\"><div class=\"l-section-h i-cf\"><div class=\"g-cols vc_row via_grid cols_1 laptops-cols_inherit tablets-cols_inherit mobiles-cols_1 valign_top type_default stacking_default\"><div class=\"wpb_column vc_column_container\"><div class=\"vc_column-inner\"><h2 class=\"w-text\"><span class=\"w-text-h\"><span class=\"w-text-value\">Historija preduze\u0107a<\/span><\/span><\/h2><div class=\"w-tabs layout_hor style_timeline switch_click has_scrolling\" style=\"--sections-title-size:1.2rem\"><div class=\"w-tabs-list items_4 align_justify\" style=\"font-family:var(--h1-font-family);font-weight:600;\"><div class=\"w-tabs-list-h\"><button class=\"w-tabs-item active defined-active\" aria-controls=\"content-1585142271688-869f7efe-902c\" aria-expanded=\"true\"><span class=\"w-tabs-item-title\">1967<\/span><\/button><button class=\"w-tabs-item\" aria-controls=\"content-1585142271965-d2c2dbd7-ed06\" aria-expanded=\"false\"><span class=\"w-tabs-item-title\">1992<\/span><\/button><button class=\"w-tabs-item\" aria-controls=\"content-1585142272248-c415c7f3-88e1\" aria-expanded=\"false\"><span class=\"w-tabs-item-title\">1995<\/span><\/button><button class=\"w-tabs-item\" aria-controls=\"content-1585142272320-bdd742e0-b0f3\" aria-expanded=\"false\"><span class=\"w-tabs-item-title\">2002<\/span><\/button><\/div><\/div><div class=\"w-tabs-sections titles-align_none icon_chevron cpos_right\"><div class=\"w-tabs-section active\" id=\"1585142271688-869f7efe-902c\"><button class=\"w-tabs-section-header active\" aria-controls=\"content-1585142271688-869f7efe-902c\" aria-expanded=\"true\"><div class=\"w-tabs-section-title\">1967<\/div><div class=\"w-tabs-section-control\"><\/div><\/button><div  class=\"w-tabs-section-content\" id=\"content-1585142271688-869f7efe-902c\"><div class=\"w-tabs-section-content-h i-cf\"><div class=\"g-cols wpb_row via_grid cols_1 laptops-cols_inherit tablets-cols_inherit mobiles-cols_1 valign_top type_default stacking_default\" style=\"--columns-gap:3rem;\"><div class=\"wpb_column vc_column_container\"><div class=\"vc_column-inner\"><div class=\"wpb_text_column\"><div class=\"wpb_wrapper\"><h5>Osnivanje preduze\u0107a<\/h5>\n<p>Komunalno preduze\u0107e \u201eKomunalac\u201c Kalesija, danas dioni\u010dko dru\u0161tvo u mje\u0161ovitom vlasni\u0161tvu osnovano je 1967. godine pod nazivom: Komunalna uprava \u201cBi\u0161ina\u201c Kalesija. Direktor je bio Omer Hod\u017ei\u0107 iz Toj\u0161i\u0107a. Kasnije je preduze\u0107e preimenovano u Komunalno preduze\u0107e \u201e15 oktobar\u201c i pod tim nazivom poslovalo je sve do 1992. godine. Imalo je 27 zaposlenih radnika.<\/p>\n<\/div><\/div><\/div><\/div><\/div><\/div><\/div><\/div><div class=\"w-tabs-section\" id=\"1585142271965-d2c2dbd7-ed06\"><button class=\"w-tabs-section-header\" aria-controls=\"content-1585142271965-d2c2dbd7-ed06\" aria-expanded=\"false\"><div class=\"w-tabs-section-title\">1992<\/div><div class=\"w-tabs-section-control\"><\/div><\/button><div  class=\"w-tabs-section-content\" id=\"content-1585142271965-d2c2dbd7-ed06\"><div class=\"w-tabs-section-content-h i-cf\"><div class=\"g-cols wpb_row via_grid cols_1 laptops-cols_inherit tablets-cols_inherit mobiles-cols_1 valign_top type_default stacking_default\" style=\"--columns-gap:3rem;\"><div class=\"wpb_column vc_column_container\"><div class=\"vc_column-inner\"><div class=\"wpb_text_column\"><div class=\"wpb_wrapper\"><h5>Rat u BiH<\/h5>\n<p>U toku rata 1992 &#8211; 1995. godine preduze\u0107e je izmje\u0161teno u Raince Gornje. Preostali radnici stavljeni su na raspolaganje Op\u0107ini Kalesija i Armiji BiH. Ve\u0107ina ih je u okviru Civilne za\u0161tite Kalesija u\u010destvovala u odbranbenim aktivnostima, u za\u0161titi ljudi i materijalnih dobara, te u organizaciji i smje\u0161taju izbjeglih i prognanih.<\/p>\n<\/div><\/div><\/div><\/div><\/div><\/div><\/div><\/div><div class=\"w-tabs-section\" id=\"1585142272248-c415c7f3-88e1\"><button class=\"w-tabs-section-header\" aria-controls=\"content-1585142272248-c415c7f3-88e1\" aria-expanded=\"false\"><div class=\"w-tabs-section-title\">1995<\/div><div class=\"w-tabs-section-control\"><\/div><\/button><div  class=\"w-tabs-section-content\" id=\"content-1585142272248-c415c7f3-88e1\"><div class=\"w-tabs-section-content-h i-cf\"><div class=\"wpb_text_column\"><div class=\"wpb_wrapper\"><h5>Kraj rata<\/h5>\n<p>Nakon zavr\u0161etka rata sjedi\u0161te preduze\u0107a je ponovo u Kalesiji, ali pod novim nazivom: Komunalno javno preduze\u0107e \u201eKomunalac\u201c Kalesija. Radnici \u201eKomunalca\u201c u postratnom periodu su \u010distili grad i okolna naselja od ratnih stradanja, u\u010destvovali su u obnovi vodovoda i kanalizacije, u obnovi \u0161kola, zdrastvenih ustanova, povratni\u010dkih naselja.<\/p>\n<\/div><\/div><\/div><\/div><\/div><div class=\"w-tabs-section\" id=\"1585142272320-bdd742e0-b0f3\"><button class=\"w-tabs-section-header\" aria-controls=\"content-1585142272320-bdd742e0-b0f3\" aria-expanded=\"false\"><div class=\"w-tabs-section-title\">2002<\/div><div class=\"w-tabs-section-control\"><\/div><\/button><div  class=\"w-tabs-section-content\" id=\"content-1585142272320-bdd742e0-b0f3\"><div class=\"w-tabs-section-content-h i-cf\"><div class=\"g-cols wpb_row via_grid cols_1 laptops-cols_inherit tablets-cols_inherit mobiles-cols_1 valign_top type_default stacking_default\" style=\"--columns-gap:3rem;\"><div class=\"wpb_column vc_column_container\"><div class=\"vc_column-inner\"><div class=\"wpb_text_column\"><div class=\"wpb_wrapper\"><h5>Razdvajanje djelatnosti<\/h5>\n<p>Iz \u201eKomunalca\u201c je 2002. godine izdvojena djelatnost upravljanja i odr\u017eavanja vodovoda i kanalizacije i formirana je nova firma JP \u201cVodovod i kanalizacija\u201c Kalesija. Komunalac je ostao kao komunalno preduze\u0107e, sa 17 zaposlenih. Direktor \u201eKomunalca\u201c do 2017. godine bio je Osmo Muminovi\u0107 iz Rainaca Donjih. Trenutno funkciju direktora obna\u0161a Me\u0161i\u0107 Edis iz Rainaca Gornjih.<\/p>\n<\/div><\/div><\/div><\/div><\/div><\/div><\/div><\/div><\/div><\/div><\/div><\/div><\/div><\/div><\/section><section class=\"l-section wpb_row height_medium\" id=\"tim\"><div class=\"l-section-h i-cf\"><div class=\"g-cols vc_row via_grid cols_1 laptops-cols_inherit tablets-cols_inherit mobiles-cols_1 valign_top type_default stacking_default\"><div class=\"wpb_column vc_column_container\"><div class=\"vc_column-inner\"><h2 class=\"w-text\"><span class=\"w-text-h\"><span class=\"w-text-value\">Menad\u017ement<\/span><\/span><\/h2><div class=\"w-separator size_medium\"><\/div><div class=\"g-cols wpb_row via_grid cols_3 laptops-cols_inherit tablets-cols_inherit mobiles-cols_1 valign_top type_default stacking_default\" style=\"--columns-gap:3rem;\"><div class=\"wpb_column vc_column_container\"><div class=\"vc_column-inner\"><div class=\"w-person us_custom_95ebd667 has_text_color layout_circle with_socials\" itemscope itemtype=\"https:\/\/schema.org\/Person\"><div class=\"w-person-image\"><a href=\"[]\" class=\"w-person-link\" aria-label=\"Senaid Saki\u0107\"><img loading=\"lazy\" decoding=\"async\" width=\"350\" height=\"350\" src=\"https:\/\/komunalac-kalesija.ba\/update\/wp-content\/uploads\/2026\/04\/default-avatar-photo-placeholder-profile-picture-vector.webp\" class=\"attachment-full size-full\" alt=\"\" itemprop=\"image\" srcset=\"https:\/\/komunalac-kalesija.ba\/update\/wp-content\/uploads\/2026\/04\/default-avatar-photo-placeholder-profile-picture-vector.webp 350w, https:\/\/komunalac-kalesija.ba\/update\/wp-content\/uploads\/2026\/04\/default-avatar-photo-placeholder-profile-picture-vector-300x300.webp 300w, https:\/\/komunalac-kalesija.ba\/update\/wp-content\/uploads\/2026\/04\/default-avatar-photo-placeholder-profile-picture-vector-150x150.webp 150w\" sizes=\"auto, (max-width: 350px) 100vw, 350px\" \/><\/a><div class=\"w-person-links\"><div class=\"w-person-links-list\"><a href=\"mailto:direktor@komunalac-kalesija.ba\" class=\"w-person-links-item type_email\" title=\"Email\"><i class=\"fas fa-envelope\"><\/i><\/a><\/div><\/div><\/div><div class=\"w-person-content\"><h4 itemprop=\"name\" class=\"w-person-name\"><a href=\"[]\" class=\"w-person-link\" aria-label=\"Senaid Saki\u0107\"><span>Senaid Saki\u0107<\/span><\/a><\/h4><div class=\"w-person-role\" itemprop=\"jobTitle\">Direktor<\/div><\/div><\/div><\/div><\/div><div class=\"wpb_column vc_column_container\"><div class=\"vc_column-inner\"><\/div><\/div><div class=\"wpb_column vc_column_container\"><div class=\"vc_column-inner\"><\/div><\/div><\/div><\/div><\/div><\/div><\/div><\/section>\n","protected":false},"excerpt":{"rendered":"Profil preduze\u0107aO namaKP \u201eKomunalac\u201c d.d. Kalesija je javno komunalno preduze\u0107e koje obavlja djelatnosti od javnog interesa na podru\u010dju op\u0107ine Kalesija. Osnovna djelatnost preduze\u0107a obuhvata organizaciju prikupljanja i odvoza komunalnog otpada, upravljanje gradskom pijacom, kao i pru\u017eanje usluga centralnog grijanja. Kroz svakodnevni rad, preduze\u0107e je usmjereno na odr\u017eavanje urednosti javnih povr\u0161ina, unapre\u0111enje kvaliteta komunalnih usluga i...","protected":false},"author":1,"featured_media":0,"parent":0,"menu_order":0,"comment_status":"closed","ping_status":"closed","template":"","meta":{"_acf_changed":false,"footnotes":""},"class_list":["post-12","page","type-page","status-publish","hentry"],"acf":[],"_links":{"self":[{"href":"https:\/\/komunalac-kalesija.ba\/update\/wp-json\/wp\/v2\/pages\/12","targetHints":{"allow":["GET"]}}],"collection":[{"href":"https:\/\/komunalac-kalesija.ba\/update\/wp-json\/wp\/v2\/pages"}],"about":[{"href":"https:\/\/komunalac-kalesija.ba\/update\/wp-json\/wp\/v2\/types\/page"}],"author":[{"embeddable":true,"href":"https:\/\/komunalac-kalesija.ba\/update\/wp-json\/wp\/v2\/users\/1"}],"replies":[{"embeddable":true,"href":"https:\/\/komunalac-kalesija.ba\/update\/wp-json\/wp\/v2\/comments?post=12"}],"version-history":[{"count":12,"href":"https:\/\/komunalac-kalesija.ba\/update\/wp-json\/wp\/v2\/pages\/12\/revisions"}],"predecessor-version":[{"id":8497,"href":"https:\/\/komunalac-kalesija.ba\/update\/wp-json\/wp\/v2\/pages\/12\/revisions\/8497"}],"wp:attachment":[{"href":"https:\/\/komunalac-kalesija.ba\/update\/wp-json\/wp\/v2\/media?parent=12"}],"curies":[{"name":"wp","href":"https:\/\/api.w.org\/{rel}","templated":true}]}}