{"id":1042,"date":"2013-09-02T18:27:44","date_gmt":"2013-09-02T18:27:44","guid":{"rendered":"http:\/\/impreza.us-themes.net\/pages\/pricing\/"},"modified":"2026-04-15T19:47:45","modified_gmt":"2026-04-15T19:47:45","slug":"odvoz-otpada","status":"publish","type":"page","link":"https:\/\/komunalac-kalesija.ba\/update\/odvoz-otpada\/","title":{"rendered":"Odvoz otpada"},"content":{"rendered":"<section class=\"l-section wpb_row height_medium\"><div class=\"l-section-h i-cf\"><div class=\"g-cols vc_row via_grid cols_1 laptops-cols_inherit tablets-cols_inherit mobiles-cols_1 valign_top type_default stacking_default\"><div class=\"wpb_column vc_column_container\"><div class=\"vc_column-inner\"><h1 class=\"w-post-elm post_title align_center entry-title color_link_inherit\">Odvoz otpada<\/h1><h6 class=\"w-text us_custom_eb849559\"><span class=\"w-text-h\"><span class=\"w-text-value\">JKP \u201eKomunalac\u201c organizuje redovan odvoz komunalnog otpada na podru\u010dju op\u0107ine Kalesija.<\/span><\/span><\/h6><\/div><\/div><\/div><\/div><\/section><section class=\"l-section wpb_row height_medium\"><div class=\"l-section-h i-cf\"><div class=\"g-cols vc_row via_grid cols_1 laptops-cols_inherit tablets-cols_inherit mobiles-cols_1 valign_top type_default stacking_default\"><div class=\"wpb_column vc_column_container\"><div class=\"vc_column-inner\"><h2 class=\"w-text\"><span class=\"w-text-h\"><span class=\"w-text-value\">Raspored odvoza otpada<\/span><\/span><\/h2><div class=\"w-grid us_post_list type_grid layout_text_card cols_4 preload_style_spinner\" id=\"us_post_list_jb69\" style=\"--columns:4;--gap:0rem;\" data-filterable=\"true\"><style>@media (max-width:1024px){#us_post_list_jb69{--columns:2!important}}@media (max-width:600px){#us_post_list_jb69{--columns:1!important}}.layout_text_card .w-grid-item-h{box-shadow:0 0rem 0rem rgba(0,0,0,0.1),0 0rem 0rem rgba(0,0,0,0.1);transition-duration:0.3s}.no-touch .layout_text_card .w-grid-item-h:hover{box-shadow:0 0.2rem 0.4rem rgba(0,0,0,0.1),0 0.67rem 2rem rgba(0,0,0,0.15);z-index:4}.layout_text_card .usg_vwrapper_1{transition-duration:0.3s;transform-origin:50% 50%;transform:scale(1) translate(0%,0%)}.layout_text_card .w-grid-item-h:focus-within .usg_vwrapper_1,.layout_text_card .w-grid-item-h:hover .usg_vwrapper_1{transform:scale(1) translate(0%,0%);opacity:1;border-color:transparent!important}.layout_text_card .usg_vwrapper_1{padding:10%!important;border:1px solid var(--color-content-border)!important}.layout_text_card .usg_post_title_1{font-weight:700!important;font-size:1.1rem!important}.layout_text_card .usg_post_taxonomy_1{font-weight:700!important;text-transform:uppercase!important;font-size:14px!important}.layout_text_card .usg_post_date_1{font-size:14px!important}<\/style><div class=\"w-grid-list\">\t<article class=\"w-grid-item size_1x1 post-8270 post type-post status-publish format-standard has-post-thumbnail hentry category-raspored-odvoza-otpada\" data-id=\"8270\">\r\n\t\t<div class=\"w-grid-item-h\">\r\n\t\t\t\t\t\t<div class=\"w-vwrapper usg_vwrapper_1 align_none valign_top\" style=\"--vwrapper-gap:0.5rem\"><div class=\"w-post-elm post_taxonomy usg_post_taxonomy_1 style_simple\"><a class=\"term-29 term-raspored-odvoza-otpada\" href=\"https:\/\/komunalac-kalesija.ba\/update\/kategorije\/raspored-odvoza-otpada\/\">Raspored odvoza otpada<\/a><\/div><h2 class=\"w-post-elm post_title usg_post_title_1 entry-title color_link_inherit\"><a href=\"https:\/\/komunalac-kalesija.ba\/update\/raspored-odvoza-komunalnog-otpada-za-mjesec-april-2026-god\/\">RASPORED ODVOZA KOMUNALNOG OTPADA ZA MJESEC APRIL 2026. GOD.<\/a><\/h2><time class=\"w-post-elm post_date usg_post_date_1 entry-date published\" datetime=\"2026-03-30T12:36:20+00:00\" title=\"30 Marta 2026 u 12:36:20 +00:00\">30 mar u 12:36<\/time><\/div>\t\t<\/div>\r\n\t\t\t<\/article>\r\n\t<article class=\"w-grid-item size_1x1 post-8259 post type-post status-publish format-standard hentry category-raspored-odvoza-otpada\" data-id=\"8259\">\r\n\t\t<div class=\"w-grid-item-h\">\r\n\t\t\t\t\t\t<div class=\"w-vwrapper usg_vwrapper_1 align_none valign_top\" style=\"--vwrapper-gap:0.5rem\"><div class=\"w-post-elm post_taxonomy usg_post_taxonomy_1 style_simple\"><a class=\"term-29 term-raspored-odvoza-otpada\" href=\"https:\/\/komunalac-kalesija.ba\/update\/kategorije\/raspored-odvoza-otpada\/\">Raspored odvoza otpada<\/a><\/div><h2 class=\"w-post-elm post_title usg_post_title_1 entry-title color_link_inherit\"><a href=\"https:\/\/komunalac-kalesija.ba\/update\/raspored-odvoza-komunalnog-otpada-za-mjesec-mart-2026-g\/\">RASPORED ODVOZA KOMUNALNOG OTPADA ZA MJESEC MART 2026.G<\/a><\/h2><time class=\"w-post-elm post_date usg_post_date_1 entry-date published\" datetime=\"2026-02-27T13:23:25+00:00\" title=\"27 Februara 2026 u 13:23:25 +00:00\">27 feb u 13:23<\/time><\/div>\t\t<\/div>\r\n\t\t\t<\/article>\r\n\t<article class=\"w-grid-item size_1x1 post-8254 post type-post status-publish format-standard hentry category-raspored-odvoza-otpada\" data-id=\"8254\">\r\n\t\t<div class=\"w-grid-item-h\">\r\n\t\t\t\t\t\t<div class=\"w-vwrapper usg_vwrapper_1 align_none valign_top\" style=\"--vwrapper-gap:0.5rem\"><div class=\"w-post-elm post_taxonomy usg_post_taxonomy_1 style_simple\"><a class=\"term-29 term-raspored-odvoza-otpada\" href=\"https:\/\/komunalac-kalesija.ba\/update\/kategorije\/raspored-odvoza-otpada\/\">Raspored odvoza otpada<\/a><\/div><h2 class=\"w-post-elm post_title usg_post_title_1 entry-title color_link_inherit\"><a href=\"https:\/\/komunalac-kalesija.ba\/update\/raspored-odvoza-komunalnog-otpada-za-mjesec-februar-2026-g\/\">RASPORED ODVOZA KOMUNALNOG OTPADA ZA MJESEC FEBRUAR 2026.G.<\/a><\/h2><time class=\"w-post-elm post_date usg_post_date_1 entry-date published\" datetime=\"2026-01-30T08:45:04+00:00\" title=\"30 Januara 2026 u 08:45:04 +00:00\">30 jan u 08:45<\/time><\/div>\t\t<\/div>\r\n\t\t\t<\/article>\r\n\t<article class=\"w-grid-item size_1x1 post-8250 post type-post status-publish format-standard hentry category-raspored-odvoza-otpada\" data-id=\"8250\">\r\n\t\t<div class=\"w-grid-item-h\">\r\n\t\t\t\t\t\t<div class=\"w-vwrapper usg_vwrapper_1 align_none valign_top\" style=\"--vwrapper-gap:0.5rem\"><div class=\"w-post-elm post_taxonomy usg_post_taxonomy_1 style_simple\"><a class=\"term-29 term-raspored-odvoza-otpada\" href=\"https:\/\/komunalac-kalesija.ba\/update\/kategorije\/raspored-odvoza-otpada\/\">Raspored odvoza otpada<\/a><\/div><h2 class=\"w-post-elm post_title usg_post_title_1 entry-title color_link_inherit\"><a href=\"https:\/\/komunalac-kalesija.ba\/update\/raspored-odvoza-komunalnog-otpada-za-mjesec-januar-2026\/\">RASPORED ODVOZA KOMUNALNOG OTPADA ZA MJESEC JANUAR 2026.<\/a><\/h2><time class=\"w-post-elm post_date usg_post_date_1 entry-date published\" datetime=\"2025-12-30T10:07:34+00:00\" title=\"30 Decembra 2025 u 10:07:34 +00:00\">30.12.2025<\/time><\/div>\t\t<\/div>\r\n\t\t\t<\/article>\r\n<\/div><div class=\"g-loadmore hidden\"><div class=\"g-preloader type_1\"><div><\/div><\/div><\/div><div class=\"w-grid-list-json hidden\" onclick='return {&quot;max_num_pages&quot;:0,&quot;pagination&quot;:&quot;none&quot;,&quot;paged&quot;:1,&quot;ajaxData&quot;:{&quot;_nonce&quot;:&quot;86588eec26&quot;,&quot;action&quot;:&quot;us_ajax_post_list&quot;,&quot;meta_type&quot;:&quot;post&quot;,&quot;object_id&quot;:0,&quot;template_vars&quot;:{&quot;paged&quot;:1,&quot;max_num_pages&quot;:0,&quot;no_results&quot;:false,&quot;source&quot;:&quot;all&quot;,&quot;custom_field_name&quot;:&quot;&quot;,&quot;ids&quot;:&quot;&quot;,&quot;post_type&quot;:&quot;post&quot;,&quot;attachment_ids&quot;:null,&quot;include_post_thumbnail&quot;:0,&quot;post_author&quot;:&quot;any&quot;,&quot;post_author_ids&quot;:&quot;&quot;,&quot;apply_url_params&quot;:0,&quot;exclude_children&quot;:0,&quot;exclude_current_post&quot;:1,&quot;exclude_prev_posts&quot;:0,&quot;enable_items_offset&quot;:0,&quot;items_offset&quot;:&quot;1&quot;,&quot;tax_query_relation&quot;:&quot;AND&quot;,&quot;tax_query&quot;:&quot;%5B%7B%22operator%22%3A%22IN%22%2C%22taxonomy%22%3A%22category%22%2C%22terms%22%3A%2229%22%2C%22include_children%22%3A0%7D%5D&quot;,&quot;meta_query_relation&quot;:&quot;none&quot;,&quot;meta_query&quot;:[{&quot;key&quot;:&quot;custom_field_name&quot;,&quot;compare&quot;:&quot;=&quot;,&quot;value&quot;:&quot;&quot;}],&quot;orderby&quot;:&quot;date&quot;,&quot;orderby_custom_field&quot;:&quot;&quot;,&quot;orderby_custom_type&quot;:0,&quot;order_invert&quot;:&quot;1&quot;,&quot;show_all&quot;:0,&quot;quantity&quot;:&quot;4&quot;,&quot;no_items_action&quot;:&quot;message&quot;,&quot;no_items_message&quot;:&quot;Nema prona\\u0111enih rezultata.&quot;,&quot;no_items_page_block&quot;:&quot;&quot;,&quot;pagination&quot;:&quot;none&quot;,&quot;pagination_style&quot;:&quot;&quot;,&quot;pagination_btn_text&quot;:&quot;Load More&quot;,&quot;pagination_btn_size&quot;:&quot;&quot;,&quot;pagination_btn_style&quot;:&quot;1&quot;,&quot;pagination_btn_fullwidth&quot;:0,&quot;items_layout&quot;:&quot;text_card&quot;,&quot;type&quot;:&quot;grid&quot;,&quot;items_valign&quot;:0,&quot;ignore_items_size&quot;:0,&quot;columns&quot;:&quot;4&quot;,&quot;items_gap&quot;:&quot;0rem&quot;,&quot;load_animation&quot;:&quot;none&quot;,&quot;items_preload_style&quot;:&quot;spinner&quot;,&quot;img_size&quot;:&quot;default&quot;,&quot;title_size&quot;:&quot;&quot;,&quot;items_ratio&quot;:&quot;default&quot;,&quot;items_ratio_width&quot;:&quot;21&quot;,&quot;items_ratio_height&quot;:&quot;9&quot;,&quot;overriding_link&quot;:&quot;{\\&quot;url\\&quot;:\\&quot;\\&quot;}&quot;,&quot;popup_width&quot;:&quot;&quot;,&quot;popup_arrows&quot;:1,&quot;breakpoint_1_width&quot;:&quot;1381px&quot;,&quot;breakpoint_1_cols&quot;:&quot;default&quot;,&quot;breakpoint_1_quantity&quot;:&quot;&quot;,&quot;breakpoint_1_gap&quot;:&quot;&quot;,&quot;breakpoint_2_width&quot;:&quot;1025px&quot;,&quot;breakpoint_2_cols&quot;:&quot;2&quot;,&quot;breakpoint_2_quantity&quot;:&quot;&quot;,&quot;breakpoint_2_gap&quot;:&quot;&quot;,&quot;breakpoint_3_width&quot;:&quot;601px&quot;,&quot;breakpoint_3_cols&quot;:&quot;1&quot;,&quot;breakpoint_3_quantity&quot;:&quot;&quot;,&quot;breakpoint_3_gap&quot;:&quot;&quot;,&quot;conditions_operator&quot;:&quot;always&quot;,&quot;conditions&quot;:[],&quot;css&quot;:null,&quot;el_class&quot;:&quot;&quot;,&quot;el_id&quot;:&quot;&quot;,&quot;enable_custom_html_atts&quot;:0,&quot;custom_html_atts&quot;:null,&quot;hide_on_states&quot;:&quot;&quot;,&quot;hide_for_sticky&quot;:0,&quot;hide_for_not_sticky&quot;:0,&quot;hide_below&quot;:&quot;0px&quot;,&quot;hide_above&quot;:&quot;0px&quot;,&quot;classes&quot;:&quot;&quot;}},&quot;facetedFilter&quot;:[]}'><\/div><\/div><\/div><\/div><\/div><\/div><\/section><section class=\"l-section wpb_row height_medium\"><div class=\"l-section-h i-cf\"><div class=\"g-cols vc_row via_grid cols_1 laptops-cols_inherit tablets-cols_inherit mobiles-cols_1 valign_top type_default stacking_default\"><div class=\"wpb_column vc_column_container\"><div class=\"vc_column-inner\"><div class=\"wpb_text_column\"><div class=\"wpb_wrapper\"><h4 style=\"text-align: left;\">Odvoz komunalnog otpada (cijene sa pdv-om)<\/h4>\n<\/div><\/div><div class=\"w-separator size_small\"><\/div><div class=\"w-pricing style_flat items_4\"><div class=\"w-pricing-item type_default\"><div class=\"w-pricing-item-h\"><div class=\"w-pricing-item-header\"><div class=\"w-pricing-item-title\">Stanovi (bez obzira na povr\u0161inu stana)<\/div><div class=\"w-pricing-item-price\">13,00<small>KM\/mjese\u010dno<\/small><\/div><\/div><ul class=\"w-pricing-item-features\"><li class=\"w-pricing-item-feature\">Ovim cijenama su obuhva\u0107eni korisnici koji koriste zajedni\u010dku posudu\/kontejner<\/li><\/ul><\/div><\/div><div class=\"w-pricing-item type_default\"><div class=\"w-pricing-item-h\"><div class=\"w-pricing-item-header\"><div class=\"w-pricing-item-title\">Porodi\u010dne ku\u0107e<\/div><div class=\"w-pricing-item-price\">14,00<small>KM\/mjese\u010dno<\/small><\/div><\/div><ul class=\"w-pricing-item-features\"><li class=\"w-pricing-item-feature\">Samostalna posuda do 140 litara<\/li><\/ul><\/div><\/div><div class=\"w-pricing-item type_featured\"><div class=\"w-pricing-item-h\"><div class=\"w-pricing-item-header\"><div class=\"w-pricing-item-title\">\u0160kolske ustanove<\/div><div class=\"w-pricing-item-price\">0,40<small>KM\/m\u00b2<\/small><\/div><\/div><ul class=\"w-pricing-item-features\"><li class=\"w-pricing-item-feature\">U povr\u0161inu za obra\u010dun ulaze sve povr\u0161ine po eta\u017eama.<\/li><\/ul><\/div><\/div><div class=\"w-pricing-item type_featured\"><div class=\"w-pricing-item-h\"><div class=\"w-pricing-item-header\"><div class=\"w-pricing-item-title\">Javne zdravstvene ustanove<\/div><div class=\"w-pricing-item-price\">0,40<small>KM\/m\u00b2<\/small><\/div><\/div><ul class=\"w-pricing-item-features\"><li class=\"w-pricing-item-feature\">U povr\u0161inu za obra\u010dun ulaze sve povr\u0161ine po eta\u017eama.<\/li><\/ul><\/div><\/div><\/div><div class=\"w-separator size_medium\"><\/div><h4 class=\"w-text us_custom_16ef517a has_text_color icon_atright\"><span class=\"w-text-h\"><span class=\"w-text-value\">Pravna lica<\/span><i class=\"fas fa-arrow-down\"><\/i><\/span><\/h4><div class=\"w-separator size_small\"><\/div><div class=\"wpb_text_column\"><div class=\"wpb_wrapper\"><p>a. Kiosci , tezge za prodaju na otvorenom, arfimerije, autopraonice ,auto\u0161kole, privatne jekarske i stomatolo\u0161ke ordinacije, obu\u0107ari, cvje\u0107are, saloni za ljepotu i masa\u017eu, kozmeti\u010dki saloni, pe\u010datoresci, fotografi, fotokopirnice, njigovodstveniservisi, urari, zlatari, advokati, udskituma\u010di, prevodioci, videoteke, \u0161pedicije, agencije, biroi, predstavni\u0161tva, osiguravaju\u0107a dru\u0161tva, opti\u010dari, udru\u017eenjagra\u0111ana, sjedi\u0161ta politi\u010dkih stranaka, kao i djelatnosti sli\u010dne namjene &#8211;<strong> 25 KM \/ mjese\u010dno<\/strong><\/p>\n<p><span>b. Automehani\u010dari, autolimari, stakloresci, limari, bravari i sl.zanati,\u00a0 vulkanizeri, stolari, \u0161tamparije, kao i <\/span><span>djelatnosti sli\u010dne namjene, trgovinske radnje vodoinstalacionog materijala, elektro materijala, <\/span><span>autodijelova, boja i lakova, konfekcije i metra\u017ene robe, sportske opreme, audio i video tehnike, <\/span><span>kompjutera i kompjuterske opreme, obu\u0107e, posu\u0111a i sli\u010dno, knji\u017eare, pr\u017eionice kafe, punionice sokova, <\/span><span>autoelektri\u010dari, vodoinstalateri, elektri\u010dari, servisi za popravku ku\u0107anskih aparata,,saloni zabave, frizerski <\/span><span>saloni, butici, rehabilitacioni centri, saloni automobila, prodavnice namje\u0161taja, tepiha korisnici iz oblasti <\/span><span>privrede i ustanove (banke, mikrokreditneorganizacije, instituti, organiuprave, pijace, i sli\u010dno kao i <\/span><span>djelatnosti sli\u010dne namjene &#8211; <\/span><strong>30 KM \/ mjese\u010dno<\/strong><\/p>\n<p><span>c. Kafane, picerije, slasti\u010darne, pekare, mesnice, ugostiteljski objekti: restorani, a\u0161\u010dince, \u0107evab\u017eince, <\/span><span>buregd\u017einice, trgovinske radnje prehrambene i mje\u0161ovite robe, vo\u0107a i povr\u0107a, kao i djelatnosti sli\u010dne <\/span><span>namjene &#8211; <\/span><strong>40 KM \/ mjese\u010dno<\/strong><\/p>\n<p><span>d. Skladi\u0161ta, benzinske pumpe, supermarket kao i djelatnosti sli\u010dne namjene &#8211; <\/span><strong>35 KM \/ mjese\u010dno<\/strong><\/p>\n<p><span>e. Robna ku\u0107a, samoposluge i sli\u010dno &#8211; <\/span><strong>0,40 KM\/m\u00b2 poslovnog prostora<\/strong><\/p>\n<p><span>f. Elektrodistribucija, po\u0161ta, banke, sudovi, tu\u017eila\u0161tvo, porezna uprava, javna preduze\u0107a i javne ustanove, <\/span><span>op\u0107ina, mjesne zajednice i sli\u010dno &#8211; <\/span><strong>0,40 KM\/m\u00b2 poslovnog prostora<\/strong><\/p>\n<p><span>g. Veliki ugostiteljski objekti (hoteli, moteli, restorani) &#8211; <\/span><strong>0,40 KM\/m\u00b2 poslovnog prostora<\/strong><\/p>\n<p>&nbsp;<\/p>\n<\/div><\/div><div class=\"w-separator size_small\"><\/div><div class=\"wpb_text_column\"><div class=\"wpb_wrapper\"><h4 style=\"text-align: left;\">Odvoz i pra\u017enjenje kontejnera<\/h4>\n<\/div><\/div><div class=\"w-separator size_small\"><\/div><div class=\"wpb_text_column\"><div class=\"wpb_wrapper\"><ol>\n<li>Odvoz i pra\u017enjenje kontejnera 5 i 7 <span>m\u00b3<\/span> sa podru\u010dja op\u0107ine na regionalnu deponiju &#8211; <strong>120 KM \/ pra\u017enjenju + iznos (za odlaganje) iz vagarskog lista sa deponije.<\/strong><\/li>\n<li>Pra\u017enjenje kontejnera 1,1 <span>m\u00b3<\/span> &#8211; <strong>50,00 KM \/ pra\u017enjenju<\/strong>.<\/li>\n<li>Odvoz i tretiranje animalnog otpada (klaoni\u010dki otpad i sl.) &#8211; <strong>390,00 KM \/ kontejneru (5<span>m\u00b3<\/span>)<\/strong>.<\/li>\n<li>Odlaganje gra\u0111evinskog otpada na gra\u0111evinskoj deponiji\u00a0 &#8211; <strong>3,00 KM \/ <span>m\u00b3<\/span>.<\/strong><\/li>\n<\/ol>\n<\/div><\/div><\/div><\/div><\/div><\/div><\/section><section class=\"l-section wpb_row height_medium\"><div class=\"l-section-h i-cf\"><div class=\"g-cols vc_row via_grid cols_1 laptops-cols_inherit tablets-cols_inherit mobiles-cols_1 valign_top type_default stacking_default\"><div class=\"wpb_column vc_column_container\"><div class=\"vc_column-inner\"><div class=\"w-actionbox color_primary controls_right\"><div class=\"w-actionbox-text\"><h2 class=\"w-actionbox-title\">\u017delite postati korisnik na\u0161ih usluga ?<\/h2><\/div><div class=\"w-actionbox-controls\"><a class=\"w-btn us-btn-style_1\" title=\"Postanite korisnik\" href=\"http:\/\/komunalac-kalesija.ba\/postanite-korisnik\/\"><span class=\"w-btn-label\">PO\u0160ALJITE ZAHTJEV<\/span><\/a><\/div><\/div><\/div><\/div><\/div><\/div><\/section>\n","protected":false},"excerpt":{"rendered":"RASPORED ODVOZA KOMUNALNOG OTPADA ZA MJESEC JANUAR 2026.","protected":false},"author":1,"featured_media":0,"parent":0,"menu_order":0,"comment_status":"closed","ping_status":"closed","template":"","meta":{"_acf_changed":false,"footnotes":""},"class_list":["post-1042","page","type-page","status-publish","hentry"],"acf":[],"_links":{"self":[{"href":"https:\/\/komunalac-kalesija.ba\/update\/wp-json\/wp\/v2\/pages\/1042","targetHints":{"allow":["GET"]}}],"collection":[{"href":"https:\/\/komunalac-kalesija.ba\/update\/wp-json\/wp\/v2\/pages"}],"about":[{"href":"https:\/\/komunalac-kalesija.ba\/update\/wp-json\/wp\/v2\/types\/page"}],"author":[{"embeddable":true,"href":"https:\/\/komunalac-kalesija.ba\/update\/wp-json\/wp\/v2\/users\/1"}],"replies":[{"embeddable":true,"href":"https:\/\/komunalac-kalesija.ba\/update\/wp-json\/wp\/v2\/comments?post=1042"}],"version-history":[{"count":14,"href":"https:\/\/komunalac-kalesija.ba\/update\/wp-json\/wp\/v2\/pages\/1042\/revisions"}],"predecessor-version":[{"id":8443,"href":"https:\/\/komunalac-kalesija.ba\/update\/wp-json\/wp\/v2\/pages\/1042\/revisions\/8443"}],"wp:attachment":[{"href":"https:\/\/komunalac-kalesija.ba\/update\/wp-json\/wp\/v2\/media?parent=1042"}],"curies":[{"name":"wp","href":"https:\/\/api.w.org\/{rel}","templated":true}]}}